{"id":119,"date":"2021-08-12T03:27:53","date_gmt":"2021-08-12T03:27:53","guid":{"rendered":"https:\/\/surrealsorealtheatre.com\/madame-catherine\/"},"modified":"2022-03-04T03:44:46","modified_gmt":"2022-03-04T03:44:46","slug":"madame-catherine","status":"publish","type":"page","link":"https:\/\/surrealsorealtheatre.com\/fr\/our-shows\/madame-catherine\/","title":{"rendered":"Madame Catherine"},"content":{"rendered":"<div id=\"fws_69f50b692e3bf\"  data-column-margin=\"default\" data-midnight=\"light\" data-top-percent=\"15%\" data-bottom-percent=\"15%\"  class=\"wpb_row vc_row-fluid vc_row full-width-section parallax_section\"  style=\"padding-top: calc(100vw * 0.15); padding-bottom: calc(100vw * 0.15); \"><div class=\"row-bg-wrap\" data-bg-animation=\"none\" data-bg-overlay=\"true\"><div class=\"inner-wrap using-image\"><div class=\"row-bg using-image using-bg-color\" data-parallax-speed=\"fast\" style=\"background-image: url(https:\/\/surrealsorealtheatre.com\/wp-content\/uploads\/2022\/03\/c047eb_34dd815d699b4b77bfc243bbaa41cb3c_mv2_d_1800_1200_s_2.jpeg); background-position: left top; background-repeat: no-repeat; background-color: #000000; \"><\/div><\/div><div class=\"row-bg-overlay\" style=\"background-color:#565656;  opacity: 0.8; \"><\/div><\/div><div class=\"row_col_wrap_12 col span_12 light left\">\n\t<div  class=\"vc_col-sm-12 wpb_column column_container vc_column_container col centered-text no-extra-padding inherit_tablet inherit_phone\"  data-padding-pos=\"all\" data-has-bg-color=\"false\" data-bg-color=\"\" data-bg-opacity=\"1\" data-animation=\"\" data-delay=\"0\" >\n\t\t<div class=\"vc_column-inner\" >\n\t\t\t<div class=\"wpb_wrapper\">\n\t\t\t\t<div id=\"fws_69f50b692e63f\" data-midnight=\"\" data-column-margin=\"default\" class=\"wpb_row vc_row-fluid vc_row inner_row\"  style=\"padding-top: 30px; \"><div class=\"row-bg-wrap\"> <div class=\"row-bg\" ><\/div> <\/div><div class=\"row_col_wrap_12_inner col span_12  left\">\n\t<div  class=\"vc_col-sm-12 wpb_column column_container vc_column_container col child_column has-animation no-extra-padding inherit_tablet inherit_phone\"   data-padding-pos=\"all\" data-has-bg-color=\"false\" data-bg-color=\"\" data-bg-opacity=\"1\" data-animation=\"fade-in-from-bottom\" data-delay=\"500\">\n\t\t<div class=\"vc_column-inner\" >\n\t\t<div class=\"wpb_wrapper\">\n\t\t\t<a href=\"https:\/\/vimeo.com\/332731097?embedded=true&#038;source=video_title&#038;owner=17013513\"  data-style=\"small\" data-parent-hover=\"\" data-font-style=\"h2\" data-color=\"default-accent-color\" class=\"play_button_with_text large nectar_video_lightbox pp\"><span><span class=\"screen-reader-text\">Play Video<\/span><span class=\"play\"><span class=\"inner-wrap\"><svg version=\"1.1\"\r\n\t xmlns=\"http:\/\/www.w3.org\/2000\/svg\" xmlns:xlink=\"http:\/\/www.w3.org\/1999\/xlink\" width=\"600px\" height=\"800px\" x=\"0px\" y=\"0px\" viewbox=\"0 0 600 800\" enable-background=\"new 0 0 600 800\" xml:space=\"preserve\"><path fill=\"none\" d=\"M0-1.79v800L600,395L0-1.79z\"><\/path> <\/svg><\/span><\/span><span class=\"link-text\"><h2>Madame Catherine<\/h2><\/span><\/span><\/a>\n\t\t<\/div> \n\t<\/div>\n\t<\/div> \n<\/div><\/div>\n\t\t\t<\/div> \n\t\t<\/div>\n\t<\/div> \n<\/div><\/div>\r\n\t\t<div id=\"fws_69f50b692e97f\"  data-column-margin=\"default\" data-midnight=\"dark\" data-top-percent=\"5%\"  class=\"wpb_row vc_row-fluid vc_row\"  style=\"padding-top: calc(100vw * 0.05); padding-bottom: 0px; \"><div class=\"row-bg-wrap\" data-bg-animation=\"none\" data-bg-overlay=\"false\"><div class=\"inner-wrap\"><div class=\"row-bg\"  style=\"\"><\/div><\/div><\/div><div class=\"row_col_wrap_12 col span_12 dark left\">\n\t<div  class=\"vc_col-sm-12 wpb_column column_container vc_column_container col centered-text padding-7-percent right_margin_200px left_margin_200px el_spacing_50px right_margin_tablet_0px right_margin_phone_0px left_margin_tablet_0px left_margin_phone_0px inherit_tablet inherit_phone\"  data-shadow=\"medium_depth\" data-padding-pos=\"all\" data-has-bg-color=\"false\" data-bg-color=\"\" data-bg-opacity=\"1\" data-animation=\"\" data-delay=\"0\" >\n\t\t<div class=\"vc_column-inner\" ><div class=\"column-bg-overlay-wrap\" data-bg-animation=\"none\"><div class=\"column-bg-overlay\"><\/div><\/div>\n\t\t\t<div class=\"wpb_wrapper\">\n\t\t\t\t<div class=\"nectar-split-heading\" data-align=\"center\" data-m-align=\"inherit\" data-animation-type=\"line-reveal-by-space\" data-animation-delay=\"0\" data-m-rm-animation=\"\" data-stagger=\"\" data-custom-font-size=\"false\" ><h3 style=\" color: #000000;\">MADAME CATHERINE PR\u00c9PARE SA CLASSE DE TROISI\u00c8ME POUR L'IRR\u00c9M\u00c9DIABLE<\/h3><\/div>\r\n<div class=\"wpb_text_column wpb_content_element\" >\r\n\t<div class=\"wpb_wrapper\">\r\n\t\t<p>Bienvenue dans la classe de madame Catherine. Votre professeure de troisi\u00e8me ann\u00e9e sait que le monde dans lequel vivent ses \u00e9l\u00e8ves est irr\u00e9m\u00e9diablement violent et dangereux. C\u2019est pourquoi, en cette derni\u00e8re journ\u00e9e d\u2019\u00e9cole, elle vous a pr\u00e9par\u00e9 une le\u00e7on d\u2019une importance capitale. Votre survie en d\u00e9pend... mais les choses ne se passent pas tout \u00e0 fait comme pr\u00e9vu.<\/p>\n<p>Dans cette mise en sc\u00e8ne de Jon Lachlan Stewart, madame Catherine vous plonge dans sa propre parano\u00efa, passant du profilage racial \u00e0 l\u2019obsession s\u00e9curitaire, avec en arri\u00e8re-plan, la crainte visc\u00e9rale d\u2019une tuerie de masse, et le besoin de s\u2019en pr\u00e9munir par tous les moyens. Mais derri\u00e8re toute parano\u00efa se cache une indicible v\u00e9rit\u00e9. Madame Catherine est une com\u00e9die noire d\u2019une inqui\u00e9tante \u00e9tranget\u00e9 sur un monde en d\u00e9rive, un monologue abordant notre rapport aux armes \u00e0 feu, o\u00f9 le tragique nous guette et plane au-dessus de la t\u00eate de tous les petits adultes en devenir.<\/p>\n\t<\/div>\r\n<\/div>\r\n\r\n\r\n\r\n\n\t<div class=\"wpb_gallery wpb_content_element clearfix\">\n\t\t<div class=\"wpb_wrapper\"><div class=\"wpb_gallery_slidesimage_grid\" data-onclick=\"link_image\" data-interval=\"5\">\r\n\r\n\t<div class=\"portfolio-wrap\">\r\n\r\n\t\t\t<span class=\"portfolio-loading\"><\/span>\r\n\r\n\t\t\t<div class=\"row portfolio-items no-masonry\" data-starting-filter=\"\" data-gutter=\"default\" data-masonry-type=\"default\" data-bypass-cropping=\"\"  data-ps=\"7\" data-loading=\"default\" data-categories-to-show=\"\" data-col-num=\"cols-3\">\r\n\r\n\r\n\r\n\t\r\n\t\t\t\t\t\t\t<div class=\"col span_4  element\" data-project-cat=\"\" data-default-color=\"true\" data-title-color=\"\" data-subtitle-color=\"\">\r\n\r\n\t\t\t\t\t\t\t<div class=\"inner-wrap animated\" data-animation=\"none\">\r\n\r\n\t\t\t\t\t\t\t\r\n\t\t\t\t\t\t\t<div class=\"work-item style-2\">\r\n\r\n\t\t\t\t\t\t\t\t<img fetchpriority=\"high\" decoding=\"async\" class=\"skip-lazy\" src=\"https:\/\/surrealsorealtheatre.com\/wp-content\/uploads\/2022\/03\/c047eb_34dd815d699b4b77bfc243bbaa41cb3c_mv2_d_1800_1200_s_2-600x400.jpeg\" width=\"600\" height=\"400\" alt=\"c047eb_34dd815d699b4b77bfc243bbaa41cb3c_mv2_d_1800_1200_s_2\" title=\"c047eb_34dd815d699b4b77bfc243bbaa41cb3c_mv2_d_1800_1200_s_2\" \/>\r\n\t\t\t\t\t\t\t\t<div class=\"work-info-bg\"><\/div>\r\n\t\t\t\t\t\t\t\t<div class=\"work-info\">\r\n\r\n\r\n\t\t\t\t\t\t\t\t\t\t\t\t\t\t\t\t\t   \t\t\t <a href=\"https:\/\/surrealsorealtheatre.com\/wp-content\/uploads\/2022\/03\/c047eb_34dd815d699b4b77bfc243bbaa41cb3c_mv2_d_1800_1200_s_2.jpeg\" class=\"pretty_photo\"><\/a>\r\n\t\t\t\t\t\t\t\t   \t\t\r\n\t\t\t\t\t\t\t\t\t\t<div class=\"vert-center\">\r\n\t\t\t\t\t\t\t\t\t\t\t\t\t\t\t\t\t\t\t\t\t<\/div><!--\/vert-center-->\r\n\r\n\t\t\t\t\t\t\t\t\t\r\n\r\n\t\t\t\t\t\t\t\t<\/div>\r\n\t\t\t\t\t\t\t<\/div><!--work-item-->\r\n\r\n\t\t\t\t\t\t\r\n\r\n\t\t\t\t\t\t<\/div><\/div> \r\n\t\t\t\t\t\t\r\n\t\t\t\t\t\t\t<div class=\"col span_4  element\" data-project-cat=\"\" data-default-color=\"true\" data-title-color=\"\" data-subtitle-color=\"\">\r\n\r\n\t\t\t\t\t\t\t<div class=\"inner-wrap animated\" data-animation=\"none\">\r\n\r\n\t\t\t\t\t\t\t\r\n\t\t\t\t\t\t\t<div class=\"work-item style-2\">\r\n\r\n\t\t\t\t\t\t\t\t<img decoding=\"async\" class=\"skip-lazy\" src=\"https:\/\/surrealsorealtheatre.com\/wp-content\/uploads\/2022\/03\/image-600x400.jpeg\" width=\"600\" height=\"400\" alt=\"image\" title=\"image\" \/>\r\n\t\t\t\t\t\t\t\t<div class=\"work-info-bg\"><\/div>\r\n\t\t\t\t\t\t\t\t<div class=\"work-info\">\r\n\r\n\r\n\t\t\t\t\t\t\t\t\t\t\t\t\t\t\t\t\t   \t\t\t <a href=\"https:\/\/surrealsorealtheatre.com\/wp-content\/uploads\/2022\/03\/image.jpeg\" class=\"pretty_photo\"><\/a>\r\n\t\t\t\t\t\t\t\t   \t\t\r\n\t\t\t\t\t\t\t\t\t\t<div class=\"vert-center\">\r\n\t\t\t\t\t\t\t\t\t\t\t\t\t\t\t\t\t\t\t\t\t<\/div><!--\/vert-center-->\r\n\r\n\t\t\t\t\t\t\t\t\t\r\n\r\n\t\t\t\t\t\t\t\t<\/div>\r\n\t\t\t\t\t\t\t<\/div><!--work-item-->\r\n\r\n\t\t\t\t\t\t\r\n\r\n\t\t\t\t\t\t<\/div><\/div> \r\n\t\t\t\t\t\t\r\n\t\t\t\t\t\t\t<div class=\"col span_4  element\" data-project-cat=\"\" data-default-color=\"true\" data-title-color=\"\" data-subtitle-color=\"\">\r\n\r\n\t\t\t\t\t\t\t<div class=\"inner-wrap animated\" data-animation=\"none\">\r\n\r\n\t\t\t\t\t\t\t\r\n\t\t\t\t\t\t\t<div class=\"work-item style-2\">\r\n\r\n\t\t\t\t\t\t\t\t<img decoding=\"async\" class=\"skip-lazy\" src=\"https:\/\/surrealsorealtheatre.com\/wp-content\/uploads\/2022\/03\/madame-catherine-prepare-sa-classe-de-troisieme-a-lirremediable_6_credits-zoe-roux-1200x800-1-600x400.jpeg\" width=\"600\" height=\"400\" alt=\"madame-catherine-prepare-sa-classe-de-troisieme-a-lirremediable_6_credits-zoe-roux-1200x800\" title=\"madame-catherine-prepare-sa-classe-de-troisieme-a-lirremediable_6_credits-zoe-roux-1200x800\" \/>\r\n\t\t\t\t\t\t\t\t<div class=\"work-info-bg\"><\/div>\r\n\t\t\t\t\t\t\t\t<div class=\"work-info\">\r\n\r\n\r\n\t\t\t\t\t\t\t\t\t\t\t\t\t\t\t\t\t   \t\t\t <a href=\"https:\/\/surrealsorealtheatre.com\/wp-content\/uploads\/2022\/03\/madame-catherine-prepare-sa-classe-de-troisieme-a-lirremediable_6_credits-zoe-roux-1200x800-1.jpeg\" class=\"pretty_photo\"><\/a>\r\n\t\t\t\t\t\t\t\t   \t\t\r\n\t\t\t\t\t\t\t\t\t\t<div class=\"vert-center\">\r\n\t\t\t\t\t\t\t\t\t\t\t\t\t\t\t\t\t\t\t\t\t<\/div><!--\/vert-center-->\r\n\r\n\t\t\t\t\t\t\t\t\t\r\n\r\n\t\t\t\t\t\t\t\t<\/div>\r\n\t\t\t\t\t\t\t<\/div><!--work-item-->\r\n\r\n\t\t\t\t\t\t\r\n\r\n\t\t\t\t\t\t<\/div><\/div> \r\n\t\t\t\t\t\t\r\n\t\t\t\t\t\t\t<div class=\"col span_4  element\" data-project-cat=\"\" data-default-color=\"true\" data-title-color=\"\" data-subtitle-color=\"\">\r\n\r\n\t\t\t\t\t\t\t<div class=\"inner-wrap animated\" data-animation=\"none\">\r\n\r\n\t\t\t\t\t\t\t\r\n\t\t\t\t\t\t\t<div class=\"work-item style-2\">\r\n\r\n\t\t\t\t\t\t\t\t<img loading=\"lazy\" decoding=\"async\" class=\"skip-lazy\" src=\"https:\/\/surrealsorealtheatre.com\/wp-content\/uploads\/2022\/03\/Mme-Catherine_Photo-Zoe-Roux-e1569819849997-600x400.jpeg\" width=\"600\" height=\"400\" alt=\"Mme-Catherine_Photo-Zoe-Roux-e1569819849997\" title=\"Mme-Catherine_Photo-Zoe-Roux-e1569819849997\" \/>\r\n\t\t\t\t\t\t\t\t<div class=\"work-info-bg\"><\/div>\r\n\t\t\t\t\t\t\t\t<div class=\"work-info\">\r\n\r\n\r\n\t\t\t\t\t\t\t\t\t\t\t\t\t\t\t\t\t   \t\t\t <a href=\"https:\/\/surrealsorealtheatre.com\/wp-content\/uploads\/2022\/03\/Mme-Catherine_Photo-Zoe-Roux-e1569819849997.jpeg\" class=\"pretty_photo\"><\/a>\r\n\t\t\t\t\t\t\t\t   \t\t\r\n\t\t\t\t\t\t\t\t\t\t<div class=\"vert-center\">\r\n\t\t\t\t\t\t\t\t\t\t\t\t\t\t\t\t\t\t\t\t\t<\/div><!--\/vert-center-->\r\n\r\n\t\t\t\t\t\t\t\t\t\r\n\r\n\t\t\t\t\t\t\t\t<\/div>\r\n\t\t\t\t\t\t\t<\/div><!--work-item-->\r\n\r\n\t\t\t\t\t\t\r\n\r\n\t\t\t\t\t\t<\/div><\/div> \r\n\t\t\t\t\t\t\r\n\t\t\t\t\t\t\t<div class=\"col span_4  element\" data-project-cat=\"\" data-default-color=\"true\" data-title-color=\"\" data-subtitle-color=\"\">\r\n\r\n\t\t\t\t\t\t\t<div class=\"inner-wrap animated\" data-animation=\"none\">\r\n\r\n\t\t\t\t\t\t\t\r\n\t\t\t\t\t\t\t<div class=\"work-item style-2\">\r\n\r\n\t\t\t\t\t\t\t\t<img loading=\"lazy\" decoding=\"async\" class=\"skip-lazy\" src=\"https:\/\/surrealsorealtheatre.com\/wp-content\/uploads\/2022\/03\/resize-600x400.jpeg\" width=\"600\" height=\"400\" alt=\"resize\" title=\"resize\" \/>\r\n\t\t\t\t\t\t\t\t<div class=\"work-info-bg\"><\/div>\r\n\t\t\t\t\t\t\t\t<div class=\"work-info\">\r\n\r\n\r\n\t\t\t\t\t\t\t\t\t\t\t\t\t\t\t\t\t   \t\t\t <a href=\"https:\/\/surrealsorealtheatre.com\/wp-content\/uploads\/2022\/03\/resize.jpeg\" class=\"pretty_photo\"><\/a>\r\n\t\t\t\t\t\t\t\t   \t\t\r\n\t\t\t\t\t\t\t\t\t\t<div class=\"vert-center\">\r\n\t\t\t\t\t\t\t\t\t\t\t\t\t\t\t\t\t\t\t\t\t<\/div><!--\/vert-center-->\r\n\r\n\t\t\t\t\t\t\t\t\t\r\n\r\n\t\t\t\t\t\t\t\t<\/div>\r\n\t\t\t\t\t\t\t<\/div><!--work-item-->\r\n\r\n\t\t\t\t\t\t\r\n\r\n\t\t\t\t\t\t<\/div><\/div> \r\n\t\t\t\t\t\t<\/div><\/div><\/div>\n\t\t<\/div> \n\t<\/div> <div id=\"fws_69f50b69320f8\" data-midnight=\"\" data-column-margin=\"default\" class=\"wpb_row vc_row-fluid vc_row inner_row\"  style=\"\"><div class=\"row-bg-wrap\"> <div class=\"row-bg\" ><\/div> <\/div><div class=\"row_col_wrap_12_inner col span_12  left\">\n\t<div  class=\"vc_col-sm-6 wpb_column column_container vc_column_container col child_column no-extra-padding inherit_tablet inherit_phone\"   data-padding-pos=\"all\" data-has-bg-color=\"false\" data-bg-color=\"\" data-bg-opacity=\"1\" data-animation=\"\" data-delay=\"0\">\n\t\t<div class=\"vc_column-inner\" >\n\t\t<div class=\"wpb_wrapper\">\n\t\t\t\r\n<div class=\"wpb_text_column wpb_content_element\" >\r\n\t<div class=\"wpb_wrapper\">\r\n\t\t<p style=\"text-align: left;\"><strong>Texte<\/strong>\u00a0Elene Belyea<br \/>\n<strong>Assistance \u00e0 la mise en sc\u00e8ne<\/strong>\u00a0Amanda Goldberg<br \/>\n<strong>Avec<\/strong>\u00a0Alice Pascual<br \/>\n<strong>D\u00e9cor<\/strong> C\u00e9dric Lord<\/p>\n\t<\/div>\r\n<\/div>\r\n\r\n\r\n\r\n\n\t\t<\/div> \n\t<\/div>\n\t<\/div> \n\n\t<div  class=\"vc_col-sm-6 wpb_column column_container vc_column_container col child_column no-extra-padding inherit_tablet inherit_phone\"   data-padding-pos=\"all\" data-has-bg-color=\"false\" data-bg-color=\"\" data-bg-opacity=\"1\" data-animation=\"\" data-delay=\"0\">\n\t\t<div class=\"vc_column-inner\" >\n\t\t<div class=\"wpb_wrapper\">\n\t\t\t\r\n<div class=\"wpb_text_column wpb_content_element\" >\r\n\t<div class=\"wpb_wrapper\">\r\n\t\t<p style=\"text-align: right;\"><strong>\u00c9clairages et accessoires<\/strong>\u00a0Zoe Roux<br \/>\n<strong>Traduction<\/strong>\u00a0Olivier Sylvestre<br \/>\n<strong>Production<\/strong>\u00a0Th\u00e9\u00e2tre Surreal SoReal<\/p>\n\t<\/div>\r\n<\/div>\r\n\r\n\r\n\r\n\n\t\t<\/div> \n\t<\/div>\n\t<\/div> \n<\/div><\/div>\n<div class=\"vc-zigzag-wrapper vc-zigzag-align-center\"><div class=\"vc-zigzag-inner\" style=\"width: 100%;min-height: 14px;background: 0 repeat-x url(&#039;data:image\/svg+xml;utf-8,%3C%3Fxml%20version%3D%221.0%22%20encoding%3D%22utf-8%22%3F%3E%3C%21DOCTYPE%20svg%20PUBLIC%20%22-%2F%2FW3C%2F%2FDTD%20SVG%201.1%2F%2FEN%22%20%22http%3A%2F%2Fwww.w3.org%2FGraphics%2FSVG%2F1.1%2FDTD%2Fsvg11.dtd%22%3E%3Csvg%20width%3D%2214px%22%20height%3D%2212px%22%20viewBox%3D%220%200%2018%2015%22%20version%3D%221.1%22%20xmlns%3D%22http%3A%2F%2Fwww.w3.org%2F2000%2Fsvg%22%20xmlns%3Axlink%3D%22http%3A%2F%2Fwww.w3.org%2F1999%2Fxlink%22%3E%3Cpolygon%20id%3D%22Combined-Shape%22%20fill%3D%22%23ebebeb%22%20points%3D%228.98762301%200%200%209.12771969%200%2014.519983%209%205.40479869%2018%2014.519983%2018%209.12771969%22%3E%3C%2Fpolygon%3E%3C%2Fsvg%3E&#039;);\"><\/div><\/div>\r\n<div class=\"wpb_text_column wpb_content_element\" >\r\n\t<div class=\"wpb_wrapper\">\r\n\t\t<p style=\"text-align: left;\">Traumatis\u00e9e par la tuerie perp\u00e9tr\u00e9e \u00e0 Sandy Hook en 2012 et pr\u00e9occup\u00e9e par la s\u00e9curit\u00e9 de l\u2019\u00e9cole qu\u2019elle juge inad\u00e9quate, une enseignante du primaire d\u00e9cide de pr\u00e9parer les \u00e9l\u00e8ves de son groupe \u00e0 l\u2019\u00e9ventualit\u00e9 d\u2019une fusillade.<\/p>\n<p style=\"text-align: left;\">Le public prend place dans un espace qui fait office de salle de classe. Directement interpel\u00e9s tout au long de la pi\u00e8ce, les spectateurs assistent \u00e0 une le\u00e7on de survie qu\u2019ils ne sont pas pr\u00e8s d\u2019oublier\u2026 Professeure comp\u00e9tente et imaginative, Madame Catherine adopte de multiples strat\u00e9gies pour susciter l\u2019int\u00e9r\u00eat de ses \u00e9l\u00e8ves : marionnettes, masques, chanson, jeux participatifs, dessins, elle d\u00e9ploie tous les moyens possibles pour les sensibiliser au danger qui les guette.<\/p>\n<p style=\"text-align: left;\">Tant\u00f4t douce et aimante, tant\u00f4t lucide et mena\u00e7ante, Madame Catherine, en proie \u00e0 son obsession, s\u2019enfonce de plus en plus dans la parano\u00efa et sombre dans l\u2019exc\u00e8s. Dans le r\u00f4le de cet \u00eatre complexe, paradoxal et perturb\u00e9, Alice Pascual, seule en sc\u00e8ne, est absolument magistrale.<\/p>\n<p style=\"text-align: left;\">Avec la gravit\u00e9 du sujet, l\u2019\u00e9tat psychologique fragile du personnage et les proc\u00e9d\u00e9s ludiques employ\u00e9s tout au long de la le\u00e7on, Madame Catherine pr\u00e9pare sa classe de troisi\u00e8me \u00e0 l\u2019irr\u00e9m\u00e9diable navigue entre le comique et le tragique, entre la candeur de l\u2019enfance et la rudesse du monde actuel et entra\u00eene dans des montagnes russes d\u2019\u00e9motions. De cette \u0153uvre choc, \u00e9vocation explicite et troublante du discours soutenu par certains dirigeants politiques, surgit une r\u00e9flexion lucide et n\u00e9cessaire sur les d\u00e9rives de la peur. Et le public, face \u00e0 ses propres angoisses, s\u2019y confronte avec un rire tant\u00f4t franc tant\u00f4t grin\u00e7ant.<\/p>\n\t<\/div>\r\n<\/div>\r\n\r\n\r\n\r\n<blockquote class=\"nectar_single_testimonial\" data-color=\"default\" data-style=\"small_modern\"><div class=\"inner\"data-custom-color=\"true\" style=\"color: #6d6d6d;\"> <p><span class=\"open-quote\">&#8221;<\/span>Pour \u00e9viter le banal exercice de style, on peut compter sur le jeu, la com\u00e9dienne \u00e9tant constamment sur la corde raide entre la lucidit\u00e9 et la folie, la tendresse et la menace, puis sur les contrastes de la mise en sc\u00e8ne, juxtaposant comique et tragique, mais surtout sur la complexit\u00e9 du personnage. <\/p><span class=\"wrap\"><span>Christian Saint-Pierre | Le Devoir<\/span><\/span><\/div><\/blockquote><blockquote class=\"nectar_single_testimonial\" data-color=\"default\" data-style=\"small_modern\"><div class=\"inner\"data-custom-color=\"true\" style=\"color: #848484;\"> <p><span class=\"open-quote\">&#8221;<\/span>Le moins que l\u2019on puisse dire est qu\u2019Alice Pascual se donne \u00e0 100% pour incarner cette professeure au bord de la crise de nerfs, mais \u00e9nergique, pleine d\u2019affection pour ses \u00e9l\u00e8ves et vaguement embarrass\u00e9e par ses propres d\u00e9rapages. <\/p><span class=\"wrap\"><span>Aur\u00e9lie Olivier | Revue de th\u00e9\u00e2tre JEU<\/span><\/span><\/div><\/blockquote><div class=\"nectar-video-box\" data-color=\"default-accent-color\"  data-play-button-size=\"default\" data-border-radius=\"none\" data-hover=\"defaut\" data-shadow=\"none\"><div class=\"inner-wrap\"><a href=\"https:\/\/vimeo.com\/332731097?embedded=true&#038;source=video_title&#038;owner=17013513\" class=\"full-link pp\"><\/a><img loading=\"lazy\" decoding=\"async\" width=\"1000\" height=\"667\" src=\"https:\/\/surrealsorealtheatre.com\/wp-content\/uploads\/2022\/03\/c047eb_34dd815d699b4b77bfc243bbaa41cb3c_mv2_d_1800_1200_s_2.jpeg\" class=\"attachment-full size-full\" alt=\"\" srcset=\"https:\/\/surrealsorealtheatre.com\/wp-content\/uploads\/2022\/03\/c047eb_34dd815d699b4b77bfc243bbaa41cb3c_mv2_d_1800_1200_s_2.jpeg 1000w, https:\/\/surrealsorealtheatre.com\/wp-content\/uploads\/2022\/03\/c047eb_34dd815d699b4b77bfc243bbaa41cb3c_mv2_d_1800_1200_s_2-300x200.jpeg 300w, https:\/\/surrealsorealtheatre.com\/wp-content\/uploads\/2022\/03\/c047eb_34dd815d699b4b77bfc243bbaa41cb3c_mv2_d_1800_1200_s_2-768x512.jpeg 768w, https:\/\/surrealsorealtheatre.com\/wp-content\/uploads\/2022\/03\/c047eb_34dd815d699b4b77bfc243bbaa41cb3c_mv2_d_1800_1200_s_2-18x12.jpeg 18w, https:\/\/surrealsorealtheatre.com\/wp-content\/uploads\/2022\/03\/c047eb_34dd815d699b4b77bfc243bbaa41cb3c_mv2_d_1800_1200_s_2-900x600.jpeg 900w\" sizes=\"(max-width: 1000px) 100vw, 1000px\" \/><a href=\"https:\/\/vimeo.com\/332731097?embedded=true&#038;source=video_title&#038;owner=17013513\"  data-style=\"default\" data-parent-hover=\"\" data-font-style=\"p\" data-color=\"default\" class=\"play_button_2 large nectar_video_lightbox pp\"><span><span class=\"screen-reader-text\">Play Video<\/span><span class=\"play\"><span class=\"inner-wrap\"><svg version=\"1.1\"\r\n\t xmlns=\"http:\/\/www.w3.org\/2000\/svg\" xmlns:xlink=\"http:\/\/www.w3.org\/1999\/xlink\" width=\"600px\" height=\"800px\" x=\"0px\" y=\"0px\" viewbox=\"0 0 600 800\" enable-background=\"new 0 0 600 800\" xml:space=\"preserve\"><path fill=\"none\" d=\"M0-1.79v800L600,395L0-1.79z\"><\/path> <\/svg><\/span><\/span><\/span><\/a><\/div><\/div><div class=\"toggles\" data-starting=\"default\" data-style=\"default\"><div class=\"toggle accent-color\" data-inner-wrap=\"true\"><h3><a href=\"#\"><i class=\"fa fa-plus-circle\"><\/i>2020<\/a><\/h3><div><div class=\"inner-toggle-wrap\">\r\n<div class=\"wpb_text_column wpb_content_element\" >\r\n\t<div class=\"wpb_wrapper\">\r\n\t\t<p>\u00c0 venir!<\/p>\n\t<\/div>\r\n<\/div>\r\n\r\n\r\n\r\n<\/div><\/div><\/div><div class=\"toggle default\" data-inner-wrap=\"true\"><h3><a href=\"#\"><i class=\"fa fa-plus-circle\"><\/i>2019<\/a><\/h3><div><div class=\"inner-toggle-wrap\">\r\n<div class=\"wpb_text_column wpb_content_element\" >\r\n\t<div class=\"wpb_wrapper\">\r\n\t\t<p><strong>MARCH<\/strong> <strong>7<br \/>\n<\/strong>Maison de la culture Villeray-Saint-Michel-Parc-Extension (Montr\u00e9al)<br \/>\n<strong>MARCH<\/strong> <strong>12<br \/>\n<\/strong>Maison de la culture du Plateau-Mont-Royal (Montr\u00e9al)<br \/>\n<strong>MARCH<\/strong> <strong>21<\/strong><br \/>\nQuai 5160 &#8211; Maison de la culture de Verdun (Montr\u00e9al)<br \/>\n<strong>MARCH 25<\/strong><br \/>\nTh\u00e9\u00e2tre Outremont<br \/>\n<strong>MARCH 26<\/strong><br \/>\nMaison de la culture Marie-Uguay (Montr\u00e9al)<br \/>\n<strong>APRIL 9<\/strong><br \/>\nMaison de la culture Rosemont &#8211; La Petite-Patrie (Montr\u00e9al)<br \/>\n<strong>APRIL 13-19<\/strong><br \/>\nTh\u00e9\u00e2tre la Catapulte (Ottawa)<br \/>\n<strong>MAY 30<br \/>\n<\/strong>Carrefour International de Th\u00e9\u00e2tre (Qu\u00e9bec)<br \/>\n<strong>SEPTEMBER 24 &#8211; OCT 12<\/strong><br \/>\nTh\u00e9atre Prospero (Montr\u00e9al)<br \/>\n<strong>NOVEMBER 18-25<\/strong><br \/>\nL&#8217;Unith\u00e9\u00e2tre (Edmonton)<\/p>\n\t<\/div>\r\n<\/div>\r\n\r\n\r\n\r\n<\/div><\/div><\/div><\/div>\r\n\r\n\r\n\r\n\r\n\r\n\r\n\r\n\r\n\r\n\r\n\r\n\r\n\r\n\r\n\r\n\r\n\r\n\r\n\r\n\n\t\t\t<\/div> \n\t\t<\/div>\n\t<\/div> \n<\/div><\/div>","protected":false},"excerpt":{"rendered":"Play Video Madame Catherine MADAME CATHERINE PR\u00c9PARE SA CLASSE DE TROISI\u00c8ME POUR L'IRR\u00c9M\u00c9DIABLE Miss Catherine loves her grade 3 students more than anything in the world, in fact she would...","protected":false},"author":1,"featured_media":0,"parent":6160,"menu_order":0,"comment_status":"closed","ping_status":"closed","template":"","meta":{"_coblocks_attr":"","_coblocks_dimensions":"","_coblocks_responsive_height":"","_coblocks_accordion_ie_support":"","footnotes":""},"class_list":["post-119","page","type-page","status-publish"],"_links":{"self":[{"href":"https:\/\/surrealsorealtheatre.com\/fr\/wp-json\/wp\/v2\/pages\/119","targetHints":{"allow":["GET"]}}],"collection":[{"href":"https:\/\/surrealsorealtheatre.com\/fr\/wp-json\/wp\/v2\/pages"}],"about":[{"href":"https:\/\/surrealsorealtheatre.com\/fr\/wp-json\/wp\/v2\/types\/page"}],"author":[{"embeddable":true,"href":"https:\/\/surrealsorealtheatre.com\/fr\/wp-json\/wp\/v2\/users\/1"}],"replies":[{"embeddable":true,"href":"https:\/\/surrealsorealtheatre.com\/fr\/wp-json\/wp\/v2\/comments?post=119"}],"version-history":[{"count":19,"href":"https:\/\/surrealsorealtheatre.com\/fr\/wp-json\/wp\/v2\/pages\/119\/revisions"}],"predecessor-version":[{"id":6722,"href":"https:\/\/surrealsorealtheatre.com\/fr\/wp-json\/wp\/v2\/pages\/119\/revisions\/6722"}],"up":[{"embeddable":true,"href":"https:\/\/surrealsorealtheatre.com\/fr\/wp-json\/wp\/v2\/pages\/6160"}],"wp:attachment":[{"href":"https:\/\/surrealsorealtheatre.com\/fr\/wp-json\/wp\/v2\/media?parent=119"}],"curies":[{"name":"wp","href":"https:\/\/api.w.org\/{rel}","templated":true}]}}