{"id":22,"date":"2021-08-12T03:27:52","date_gmt":"2021-08-12T03:27:52","guid":{"rendered":"https:\/\/surrealsorealtheatre.com\/new-gallery-1\/"},"modified":"2022-03-04T01:30:37","modified_gmt":"2022-03-04T01:30:37","slug":"big-shot","status":"publish","type":"page","link":"https:\/\/surrealsorealtheatre.com\/fr\/our-shows\/big-shot\/","title":{"rendered":"Big Shot"},"content":{"rendered":"<div id=\"fws_69ea2e86c5092\"  data-column-margin=\"default\" data-midnight=\"light\" data-top-percent=\"15%\" data-bottom-percent=\"15%\"  class=\"wpb_row vc_row-fluid vc_row full-width-section parallax_section\"  style=\"padding-top: calc(100vw * 0.15); padding-bottom: calc(100vw * 0.15); \"><div class=\"row-bg-wrap\" data-bg-animation=\"none\" data-bg-overlay=\"true\"><div class=\"inner-wrap using-image\"><div class=\"row-bg using-image using-bg-color\" data-parallax-speed=\"fast\" style=\"background-image: url(https:\/\/surrealsorealtheatre.com\/wp-content\/uploads\/2021\/09\/unnamed-1.jpg); background-position: left top; background-repeat: no-repeat; background-color: #333333; \"><\/div><\/div><div class=\"row-bg-overlay\" style=\"background-color:#565656;  opacity: 0.8; \"><\/div><\/div><div class=\"row_col_wrap_12 col span_12 light left\">\n\t<div  class=\"vc_col-sm-12 wpb_column column_container vc_column_container col centered-text no-extra-padding inherit_tablet inherit_phone\"  data-padding-pos=\"all\" data-has-bg-color=\"false\" data-bg-color=\"\" data-bg-opacity=\"1\" data-animation=\"\" data-delay=\"0\" >\n\t\t<div class=\"vc_column-inner\" >\n\t\t\t<div class=\"wpb_wrapper\">\n\t\t\t\t<div id=\"fws_69ea2e86c52d2\" data-midnight=\"\" data-column-margin=\"default\" class=\"wpb_row vc_row-fluid vc_row inner_row\"  style=\"padding-top: 30px; \"><div class=\"row-bg-wrap\"> <div class=\"row-bg\" ><\/div> <\/div><div class=\"row_col_wrap_12_inner col span_12  left\">\n\t<div  class=\"vc_col-sm-12 wpb_column column_container vc_column_container col child_column has-animation no-extra-padding inherit_tablet inherit_phone\"   data-padding-pos=\"all\" data-has-bg-color=\"false\" data-bg-color=\"\" data-bg-opacity=\"1\" data-animation=\"fade-in-from-bottom\" data-delay=\"500\">\n\t\t<div class=\"vc_column-inner\" >\n\t\t<div class=\"wpb_wrapper\">\n\t\t\t<a href=\"https:\/\/youtu.be\/-lntIAwTdMQ\"  data-style=\"default\" data-parent-hover=\"\" data-font-style=\"h2\" data-color=\"default-accent-color\" class=\"play_button_with_text large nectar_video_lightbox pp\"><span><span class=\"screen-reader-text\">Play Video<\/span><span class=\"play\"><span class=\"inner-wrap\"><svg version=\"1.1\"\r\n\t xmlns=\"http:\/\/www.w3.org\/2000\/svg\" xmlns:xlink=\"http:\/\/www.w3.org\/1999\/xlink\" width=\"600px\" height=\"800px\" x=\"0px\" y=\"0px\" viewbox=\"0 0 600 800\" enable-background=\"new 0 0 600 800\" xml:space=\"preserve\"><path fill=\"none\" d=\"M0-1.79v800L600,395L0-1.79z\"><\/path> <\/svg><\/span><\/span><span class=\"link-text\"><h2>Big Shot<\/h2><\/span><\/span><\/a>\n\t\t<\/div> \n\t<\/div>\n\t<\/div> \n<\/div><\/div>\n\t\t\t<\/div> \n\t\t<\/div>\n\t<\/div> \n<\/div><\/div>\r\n\t\t<div id=\"fws_69ea2e86c5602\"  data-column-margin=\"default\" data-midnight=\"dark\" data-top-percent=\"5%\"  class=\"wpb_row vc_row-fluid vc_row\"  style=\"padding-top: calc(100vw * 0.05); padding-bottom: 0px; \"><div class=\"row-bg-wrap\" data-bg-animation=\"none\" data-bg-overlay=\"false\"><div class=\"inner-wrap\"><div class=\"row-bg\"  style=\"\"><\/div><\/div><\/div><div class=\"row_col_wrap_12 col span_12 dark left\">\n\t<div  class=\"vc_col-sm-12 wpb_column column_container vc_column_container col centered-text padding-7-percent right_margin_200px left_margin_200px el_spacing_50px inherit_tablet inherit_phone\"  data-shadow=\"medium_depth\" data-padding-pos=\"all\" data-has-bg-color=\"false\" data-bg-color=\"\" data-bg-opacity=\"1\" data-animation=\"\" data-delay=\"0\" >\n\t\t<div class=\"vc_column-inner\" ><div class=\"column-bg-overlay-wrap\" data-bg-animation=\"none\"><div class=\"column-bg-overlay\"><\/div><\/div>\n\t\t\t<div class=\"wpb_wrapper\">\n\t\t\t\t<div class=\"nectar-split-heading\" data-align=\"center\" data-m-align=\"inherit\" data-animation-type=\"line-reveal-by-space\" data-animation-delay=\"0\" data-m-rm-animation=\"\" data-stagger=\"\" data-custom-font-size=\"false\" ><h3 style=\" color: #000000;\">BIG SHOT<\/h3><\/div>\r\n<div class=\"wpb_text_column wpb_content_element\" >\r\n\t<div class=\"wpb_wrapper\">\r\n\t\t<p>Un gar\u00e7on, seul dans le Skytrain de Vancouver, entend des coups de feu. En une fraction de seconde, l\u2019action se rejoue sous tous les angles possibles dans son esprit p\u00e9tri d\u2019images hollywoodiennes, recr\u00e9ant peu \u00e0 peu une sc\u00e8ne troublante. Big Shot d\u00e9construit avec pr\u00e9cision la tension croissante menant \u00e0 une fusillade qui porte toutes les marques d\u2019un profilage social des plus classiques et les personnages qui y participent : un policier tirant sur un toxicomane qui tente de s\u2019en sortir, un vieux Japonais ayant provoqu\u00e9 l\u2019incident, une m\u00e8re \u00e0 laquelle on a arrach\u00e9 son fils et un myst\u00e9rieux cin\u00e9aste inspir\u00e9 par cet horrible \u00e9v\u00e8nement.<\/p>\n\t<\/div>\r\n<\/div>\r\n\r\n\r\n\r\n\n\t<div class=\"wpb_gallery wpb_content_element clearfix\">\n\t\t<div class=\"wpb_wrapper\"><div class=\"wpb_gallery_slidesimage_grid\" data-onclick=\"link_image\" data-interval=\"5\">\r\n\r\n\t<div class=\"portfolio-wrap\">\r\n\r\n\t\t\t<span class=\"portfolio-loading\"><\/span>\r\n\r\n\t\t\t<div class=\"row portfolio-items no-masonry\" data-starting-filter=\"\" data-gutter=\"20px\" data-masonry-type=\"default\" data-bypass-cropping=\"\"  data-ps=\"7\" data-loading=\"default\" data-categories-to-show=\"\" data-col-num=\"cols-3\">\r\n\r\n\r\n\r\n\t\r\n\t\t\t\t\t\t\t<div class=\"col span_4  element\" data-project-cat=\"\" data-default-color=\"true\" data-title-color=\"\" data-subtitle-color=\"\">\r\n\r\n\t\t\t\t\t\t\t<div class=\"inner-wrap animated\" data-animation=\"fade_in_from_bottom\">\r\n\r\n\t\t\t\t\t\t\t\r\n\t\t\t\t\t\t\t<div class=\"work-item style-2\">\r\n\r\n\t\t\t\t\t\t\t\t<img fetchpriority=\"high\" decoding=\"async\" class=\"skip-lazy\" src=\"https:\/\/surrealsorealtheatre.com\/wp-content\/uploads\/2021\/09\/BShot-projo-explosion-edited-400x400.jpeg\" width=\"400\" height=\"400\" alt=\"BShot projo explosion\" title=\"BShot projo explosion\" \/>\r\n\t\t\t\t\t\t\t\t<div class=\"work-info-bg\"><\/div>\r\n\t\t\t\t\t\t\t\t<div class=\"work-info\">\r\n\r\n\r\n\t\t\t\t\t\t\t\t\t\t\t\t\t\t\t\t\t   \t\t\t <a href=\"https:\/\/surrealsorealtheatre.com\/wp-content\/uploads\/2021\/09\/BShot-projo-explosion-edited.jpeg\" class=\"pretty_photo\"><\/a>\r\n\t\t\t\t\t\t\t\t   \t\t\r\n\t\t\t\t\t\t\t\t\t\t<div class=\"vert-center\">\r\n\t\t\t\t\t\t\t\t\t\t\t\t\t\t\t\t\t\t\t\t\t<\/div><!--\/vert-center-->\r\n\r\n\t\t\t\t\t\t\t\t\t\r\n\r\n\t\t\t\t\t\t\t\t<\/div>\r\n\t\t\t\t\t\t\t<\/div><!--work-item-->\r\n\r\n\t\t\t\t\t\t\r\n\r\n\t\t\t\t\t\t<\/div><\/div> \r\n\t\t\t\t\t\t\r\n\t\t\t\t\t\t\t<div class=\"col span_4  element\" data-project-cat=\"\" data-default-color=\"true\" data-title-color=\"\" data-subtitle-color=\"\">\r\n\r\n\t\t\t\t\t\t\t<div class=\"inner-wrap animated\" data-animation=\"fade_in_from_bottom\">\r\n\r\n\t\t\t\t\t\t\t\r\n\t\t\t\t\t\t\t<div class=\"work-item style-2\">\r\n\r\n\t\t\t\t\t\t\t\t<img decoding=\"async\" class=\"skip-lazy\" src=\"https:\/\/surrealsorealtheatre.com\/wp-content\/uploads\/2021\/09\/BShot-face-400x400.jpeg\" width=\"400\" height=\"400\" alt=\"BShot face\" title=\"BShot face\" \/>\r\n\t\t\t\t\t\t\t\t<div class=\"work-info-bg\"><\/div>\r\n\t\t\t\t\t\t\t\t<div class=\"work-info\">\r\n\r\n\r\n\t\t\t\t\t\t\t\t\t\t\t\t\t\t\t\t\t   \t\t\t <a href=\"https:\/\/surrealsorealtheatre.com\/wp-content\/uploads\/2021\/09\/BShot-face.jpeg\" class=\"pretty_photo\"><\/a>\r\n\t\t\t\t\t\t\t\t   \t\t\r\n\t\t\t\t\t\t\t\t\t\t<div class=\"vert-center\">\r\n\t\t\t\t\t\t\t\t\t\t\t\t\t\t\t\t\t\t\t\t\t<\/div><!--\/vert-center-->\r\n\r\n\t\t\t\t\t\t\t\t\t\r\n\r\n\t\t\t\t\t\t\t\t<\/div>\r\n\t\t\t\t\t\t\t<\/div><!--work-item-->\r\n\r\n\t\t\t\t\t\t\r\n\r\n\t\t\t\t\t\t<\/div><\/div> \r\n\t\t\t\t\t\t\r\n\t\t\t\t\t\t\t<div class=\"col span_4  element\" data-project-cat=\"\" data-default-color=\"true\" data-title-color=\"\" data-subtitle-color=\"\">\r\n\r\n\t\t\t\t\t\t\t<div class=\"inner-wrap animated\" data-animation=\"fade_in_from_bottom\">\r\n\r\n\t\t\t\t\t\t\t\r\n\t\t\t\t\t\t\t<div class=\"work-item style-2\">\r\n\r\n\t\t\t\t\t\t\t\t<img decoding=\"async\" class=\"skip-lazy\" src=\"https:\/\/surrealsorealtheatre.com\/wp-content\/uploads\/2021\/09\/BShot-projo-explosion-400x400.jpeg\" width=\"400\" height=\"400\" alt=\"BShot projo explosion\" title=\"BShot projo explosion\" \/>\r\n\t\t\t\t\t\t\t\t<div class=\"work-info-bg\"><\/div>\r\n\t\t\t\t\t\t\t\t<div class=\"work-info\">\r\n\r\n\r\n\t\t\t\t\t\t\t\t\t\t\t\t\t\t\t\t\t   \t\t\t <a href=\"https:\/\/surrealsorealtheatre.com\/wp-content\/uploads\/2021\/09\/BShot-projo-explosion.jpeg\" class=\"pretty_photo\"><\/a>\r\n\t\t\t\t\t\t\t\t   \t\t\r\n\t\t\t\t\t\t\t\t\t\t<div class=\"vert-center\">\r\n\t\t\t\t\t\t\t\t\t\t\t\t\t\t\t\t\t\t\t\t\t<\/div><!--\/vert-center-->\r\n\r\n\t\t\t\t\t\t\t\t\t\r\n\r\n\t\t\t\t\t\t\t\t<\/div>\r\n\t\t\t\t\t\t\t<\/div><!--work-item-->\r\n\r\n\t\t\t\t\t\t\r\n\r\n\t\t\t\t\t\t<\/div><\/div> \r\n\t\t\t\t\t\t<\/div><\/div><\/div>\n\t\t<\/div> \n\t<\/div> \r\n<div class=\"wpb_text_column wpb_content_element\" >\r\n\t<div class=\"wpb_wrapper\">\r\n\t\t<p style=\"text-align: center;\"><strong>Jon Lachlan Stewart<\/strong> actor, writer &#8211; <strong>Georgina Beaty<\/strong> director, dramaturgy &#8211; <strong>Cory Sincennes<\/strong> original lighting design &#8211; <strong>Andrew Scriver<\/strong> tour lighting projection, production tour &#8211; <strong>Chlo\u00e9 Ekker<\/strong> tour stage manager &#8211; <strong>Dave Clarke<\/strong>\u00a0 sound design &#8211; <strong>Matthew Schuurman<\/strong> projection design &#8211; <strong>Hidetaka Yoneyma<\/strong> japanese speech coach<\/p>\n\t<\/div>\r\n<\/div>\r\n\r\n\r\n\r\n\n<div class=\"vc-zigzag-wrapper vc-zigzag-align-center\"><div class=\"vc-zigzag-inner\" style=\"width: 100%;min-height: 14px;background: 0 repeat-x url(&#039;data:image\/svg+xml;utf-8,%3C%3Fxml%20version%3D%221.0%22%20encoding%3D%22utf-8%22%3F%3E%3C%21DOCTYPE%20svg%20PUBLIC%20%22-%2F%2FW3C%2F%2FDTD%20SVG%201.1%2F%2FEN%22%20%22http%3A%2F%2Fwww.w3.org%2FGraphics%2FSVG%2F1.1%2FDTD%2Fsvg11.dtd%22%3E%3Csvg%20width%3D%2214px%22%20height%3D%2212px%22%20viewBox%3D%220%200%2018%2015%22%20version%3D%221.1%22%20xmlns%3D%22http%3A%2F%2Fwww.w3.org%2F2000%2Fsvg%22%20xmlns%3Axlink%3D%22http%3A%2F%2Fwww.w3.org%2F1999%2Fxlink%22%3E%3Cpolygon%20id%3D%22Combined-Shape%22%20fill%3D%22%23ebebeb%22%20points%3D%228.98762301%200%200%209.12771969%200%2014.519983%209%205.40479869%2018%2014.519983%2018%209.12771969%22%3E%3C%2Fpolygon%3E%3C%2Fsvg%3E&#039;);\"><\/div><\/div><blockquote class=\"nectar_single_testimonial\" data-color=\"default\" data-style=\"small_modern\"><div class=\"inner\"data-custom-color=\"true\" style=\"color: #828282;\"> <p><span class=\"open-quote\">&#8221;<\/span>Cette pi\u00e8ce trilingue (anglais, fran\u00e7ais et japonais avec surtitres en fran\u00e7ais) comprend l\u2019une des meil- leures performances d\u2019acteur de l\u2019ann\u00e9e sur une sc\u00e8ne montr\u00e9alaise. Jon Lachlan Stewart est un artiste surdou\u00e9 originaire de Vancouver qui vit maintenant \u00e0 Montr\u00e9al. Dans Big Shot, il joue une m\u00e8re, son fils, un vieux Japonais, un policier et un pseudo-membre de l\u2019industrie cin\u00e9matographique en changeant de r\u00f4le en quelques secondes avec des pirouettes et des pantomimes. Le r\u00e9cit tourne autour d\u2019un \u00ab film d\u2019action \u00bb inspir\u00e9 d\u2019un fait divers. Etourdissant !  <\/p><span class=\"wrap\"><span>LA PRESSE<\/span><\/span><\/div><\/blockquote><div class=\"nectar-video-box\" data-color=\"default-accent-color\"  data-play-button-size=\"larger\" data-border-radius=\"none\" data-hover=\"defaut\" data-shadow=\"none\"><div class=\"inner-wrap\"><a href=\"https:\/\/youtu.be\/7ZF9Gz2tIm0\" class=\"full-link pp\"><\/a><img loading=\"lazy\" decoding=\"async\" width=\"1800\" height=\"1200\" src=\"https:\/\/surrealsorealtheatre.com\/wp-content\/uploads\/2021\/09\/BShot-projo-explosion-1.jpeg\" class=\"attachment-full size-full\" alt=\"\" srcset=\"https:\/\/surrealsorealtheatre.com\/wp-content\/uploads\/2021\/09\/BShot-projo-explosion-1.jpeg 1800w, https:\/\/surrealsorealtheatre.com\/wp-content\/uploads\/2021\/09\/BShot-projo-explosion-1-300x200.jpeg 300w, https:\/\/surrealsorealtheatre.com\/wp-content\/uploads\/2021\/09\/BShot-projo-explosion-1-1024x683.jpeg 1024w, https:\/\/surrealsorealtheatre.com\/wp-content\/uploads\/2021\/09\/BShot-projo-explosion-1-768x512.jpeg 768w, https:\/\/surrealsorealtheatre.com\/wp-content\/uploads\/2021\/09\/BShot-projo-explosion-1-1536x1024.jpeg 1536w, https:\/\/surrealsorealtheatre.com\/wp-content\/uploads\/2021\/09\/BShot-projo-explosion-1-900x600.jpeg 900w\" sizes=\"(max-width: 1800px) 100vw, 1800px\" \/><a href=\"https:\/\/youtu.be\/7ZF9Gz2tIm0\"  data-style=\"default\" data-parent-hover=\"\" data-font-style=\"p\" data-color=\"default\" class=\"play_button_2 large nectar_video_lightbox pp\"><span><span class=\"screen-reader-text\">Play Video<\/span><span class=\"play\"><span class=\"inner-wrap\"><svg version=\"1.1\"\r\n\t xmlns=\"http:\/\/www.w3.org\/2000\/svg\" xmlns:xlink=\"http:\/\/www.w3.org\/1999\/xlink\" width=\"600px\" height=\"800px\" x=\"0px\" y=\"0px\" viewbox=\"0 0 600 800\" enable-background=\"new 0 0 600 800\" xml:space=\"preserve\"><path fill=\"none\" d=\"M0-1.79v800L600,395L0-1.79z\"><\/path> <\/svg><\/span><\/span><\/span><\/a><\/div><\/div><div class=\"toggles accordion\" data-starting=\"default\" data-style=\"default\"><div class=\"toggle accent-color\" data-inner-wrap=\"true\"><h3><a href=\"#\"><i class=\"fa fa-plus-circle\"><\/i>2019<\/a><\/h3><div><div class=\"inner-toggle-wrap\">\r\n<div class=\"wpb_text_column wpb_content_element\" >\r\n\t<div class=\"wpb_wrapper\">\r\n\t\t<p style=\"text-align: center;\"><strong>29 janvier, 19h30<\/strong><br \/>\nMaison de la culture Frontenac<br \/>\n<strong>31 janvier, 19h30<\/strong><br \/>\nMaison de la culture Rosemont &#8211; La Petite-Patrie<br \/>\n<strong>9 f\u00e9vrier, 20h<\/strong><br \/>\nL&#8217;entrep\u00f4t, Lachine<br \/>\n<strong>13 f\u00e9vrier, 13h30<\/strong><br \/>\nCentre Communautaire Anjou<br \/>\n<strong>16 f\u00e9vrier, 19h30<\/strong><br \/>\nQuai 5160 &#8211; Maison de la culture de Verdun<br \/>\n<strong>26 mars, 19h30<\/strong><br \/>\nSalle Emile Legault, St Laurent<br \/>\n<strong>4 avril , 10h et 13h<\/strong><br \/>\nRTDAdos, Maison des arts de Laval<br \/>\n<strong>11 avril, 13h30 et 19h30 <\/strong><br \/>\nSalle Iro Valaskakis-Tembeck<\/p>\n\t<\/div>\r\n<\/div>\r\n\r\n\r\n\r\n<\/div><\/div><\/div><div class=\"toggle accent-color\" data-inner-wrap=\"true\"><h3><a href=\"#\"><i class=\"fa fa-plus-circle\"><\/i>2018<\/a><\/h3><div><div class=\"inner-toggle-wrap\">\r\n<div class=\"wpb_text_column wpb_content_element\" >\r\n\t<div class=\"wpb_wrapper\">\r\n\t\t<p><strong>13 octobre, 16h<\/strong><br \/>\nMaison de la culture Villeray-Saint-Michel-Parc-Extension<br \/>\n<strong>30 octobre, 19h30<br \/>\n<\/strong>Maison de la culture du Plateau-Mont-Royal<br \/>\n<strong>29 novembre, 10h et 20h<\/strong><br \/>\nMaison de la culture Marie-Uguay<br \/>\n<strong>2 d\u00e9cembre, 19h30<\/strong><br \/>\nTh\u00e9\u00e2tre Mirella et Lino Saputo<\/p>\n\t<\/div>\r\n<\/div>\r\n\r\n\r\n\r\n<\/div><\/div><\/div><\/div>\r\n\r\n\r\n\r\n\r\n\r\n\r\n\r\n\r\n\r\n\r\n\r\n\r\n\r\n\r\n\r\n\r\n\r\n\r\n\r\n\n\t\t\t<\/div> \n\t\t<\/div>\n\t<\/div> \n<\/div><\/div>","protected":false},"excerpt":{"rendered":"Play Video Big Shot BIG SHOT A shooting on the Vancouver Skytrain is witnessed by a twelve-year-old boy obsessed with action movies, and now he\u2019s here to reconstruct the story...","protected":false},"author":1,"featured_media":0,"parent":6160,"menu_order":0,"comment_status":"closed","ping_status":"closed","template":"","meta":{"_coblocks_attr":"","_coblocks_dimensions":"","_coblocks_responsive_height":"","_coblocks_accordion_ie_support":"","footnotes":""},"class_list":["post-22","page","type-page","status-publish"],"_links":{"self":[{"href":"https:\/\/surrealsorealtheatre.com\/fr\/wp-json\/wp\/v2\/pages\/22","targetHints":{"allow":["GET"]}}],"collection":[{"href":"https:\/\/surrealsorealtheatre.com\/fr\/wp-json\/wp\/v2\/pages"}],"about":[{"href":"https:\/\/surrealsorealtheatre.com\/fr\/wp-json\/wp\/v2\/types\/page"}],"author":[{"embeddable":true,"href":"https:\/\/surrealsorealtheatre.com\/fr\/wp-json\/wp\/v2\/users\/1"}],"replies":[{"embeddable":true,"href":"https:\/\/surrealsorealtheatre.com\/fr\/wp-json\/wp\/v2\/comments?post=22"}],"version-history":[{"count":14,"href":"https:\/\/surrealsorealtheatre.com\/fr\/wp-json\/wp\/v2\/pages\/22\/revisions"}],"predecessor-version":[{"id":6704,"href":"https:\/\/surrealsorealtheatre.com\/fr\/wp-json\/wp\/v2\/pages\/22\/revisions\/6704"}],"up":[{"embeddable":true,"href":"https:\/\/surrealsorealtheatre.com\/fr\/wp-json\/wp\/v2\/pages\/6160"}],"wp:attachment":[{"href":"https:\/\/surrealsorealtheatre.com\/fr\/wp-json\/wp\/v2\/media?parent=22"}],"curies":[{"name":"wp","href":"https:\/\/api.w.org\/{rel}","templated":true}]}}