{"id":40,"date":"2021-08-12T03:27:52","date_gmt":"2021-08-12T03:27:52","guid":{"rendered":"https:\/\/surrealsorealtheatre.com\/the-genius-code\/"},"modified":"2022-03-04T01:33:47","modified_gmt":"2022-03-04T01:33:47","slug":"the-genius-code","status":"publish","type":"page","link":"https:\/\/surrealsorealtheatre.com\/fr\/our-shows\/the-genius-code\/","title":{"rendered":"The Genius Code"},"content":{"rendered":"<div id=\"fws_69ea2b2a82539\"  data-column-margin=\"default\" data-midnight=\"light\" data-top-percent=\"15%\" data-bottom-percent=\"15%\"  class=\"wpb_row vc_row-fluid vc_row full-width-section parallax_section\"  style=\"padding-top: calc(100vw * 0.15); padding-bottom: calc(100vw * 0.15); \"><div class=\"row-bg-wrap\" data-bg-animation=\"none\" data-bg-overlay=\"true\"><div class=\"inner-wrap using-image\"><div class=\"row-bg using-image using-bg-color\" data-parallax-speed=\"fast\" style=\"background-image: url(https:\/\/surrealsorealtheatre.com\/wp-content\/uploads\/2021\/09\/GCode-Escape-1-scaled.jpeg); background-position: left top; background-repeat: no-repeat; background-color: #000000; \"><\/div><\/div><div class=\"row-bg-overlay\" style=\"background-color:#565656;  opacity: 0.8; \"><\/div><\/div><div class=\"row_col_wrap_12 col span_12 light left\">\n\t<div  class=\"vc_col-sm-12 wpb_column column_container vc_column_container col centered-text no-extra-padding inherit_tablet inherit_phone\"  data-padding-pos=\"all\" data-has-bg-color=\"false\" data-bg-color=\"\" data-bg-opacity=\"1\" data-animation=\"\" data-delay=\"0\" >\n\t\t<div class=\"vc_column-inner\" >\n\t\t\t<div class=\"wpb_wrapper\">\n\t\t\t\t<div id=\"fws_69ea2b2a826e5\" data-midnight=\"\" data-column-margin=\"default\" class=\"wpb_row vc_row-fluid vc_row inner_row\"  style=\"padding-top: 30px; \"><div class=\"row-bg-wrap\"> <div class=\"row-bg\" ><\/div> <\/div><div class=\"row_col_wrap_12_inner col span_12  left\">\n\t<div  class=\"vc_col-sm-12 wpb_column column_container vc_column_container col child_column has-animation no-extra-padding inherit_tablet inherit_phone\"   data-padding-pos=\"all\" data-has-bg-color=\"false\" data-bg-color=\"\" data-bg-opacity=\"1\" data-animation=\"fade-in-from-bottom\" data-delay=\"500\">\n\t\t<div class=\"vc_column-inner\" >\n\t\t<div class=\"wpb_wrapper\">\n\t\t\t<a href=\"https:\/\/youtu.be\/wZ4N2TPTOGE\"  data-style=\"small\" data-parent-hover=\"\" data-font-style=\"h2\" data-color=\"default-accent-color\" class=\"play_button_with_text large nectar_video_lightbox pp\"><span><span class=\"screen-reader-text\">Play Video<\/span><span class=\"play\"><span class=\"inner-wrap\"><svg version=\"1.1\"\r\n\t xmlns=\"http:\/\/www.w3.org\/2000\/svg\" xmlns:xlink=\"http:\/\/www.w3.org\/1999\/xlink\" width=\"600px\" height=\"800px\" x=\"0px\" y=\"0px\" viewbox=\"0 0 600 800\" enable-background=\"new 0 0 600 800\" xml:space=\"preserve\"><path fill=\"none\" d=\"M0-1.79v800L600,395L0-1.79z\"><\/path> <\/svg><\/span><\/span><span class=\"link-text\"><h2>The Genius Code<\/h2><\/span><\/span><\/a>\n\t\t<\/div> \n\t<\/div>\n\t<\/div> \n<\/div><\/div>\n\t\t\t<\/div> \n\t\t<\/div>\n\t<\/div> \n<\/div><\/div>\r\n\t\t<div id=\"fws_69ea2b2a8291a\"  data-column-margin=\"default\" data-midnight=\"dark\" data-top-percent=\"5%\"  class=\"wpb_row vc_row-fluid vc_row\"  style=\"padding-top: calc(100vw * 0.05); padding-bottom: 0px; \"><div class=\"row-bg-wrap\" data-bg-animation=\"none\" data-bg-overlay=\"false\"><div class=\"inner-wrap\"><div class=\"row-bg\"  style=\"\"><\/div><\/div><\/div><div class=\"row_col_wrap_12 col span_12 dark left\">\n\t<div  class=\"vc_col-sm-12 wpb_column column_container vc_column_container col centered-text padding-7-percent right_margin_200px left_margin_200px el_spacing_50px right_margin_tablet_0px right_margin_phone_0px left_margin_tablet_0px left_margin_phone_0px inherit_tablet inherit_phone\"  data-shadow=\"medium_depth\" data-padding-pos=\"all\" data-has-bg-color=\"false\" data-bg-color=\"\" data-bg-opacity=\"1\" data-animation=\"\" data-delay=\"0\" >\n\t\t<div class=\"vc_column-inner\" ><div class=\"column-bg-overlay-wrap\" data-bg-animation=\"none\"><div class=\"column-bg-overlay\"><\/div><\/div>\n\t\t\t<div class=\"wpb_wrapper\">\n\t\t\t\t<div class=\"nectar-split-heading\" data-align=\"center\" data-m-align=\"inherit\" data-animation-type=\"line-reveal-by-space\" data-animation-delay=\"0\" data-m-rm-animation=\"\" data-stagger=\"\" data-custom-font-size=\"false\" ><h3 style=\" color: #000000;\">THE GENIUS CODE<\/h3><\/div>\r\n<div class=\"wpb_text_column wpb_content_element\" >\r\n\t<div class=\"wpb_wrapper\">\r\n\t\t<p style=\"text-align: center;\">The Genius Code est une pi\u00e8ce de th\u00e9\u00e2tre en direct o\u00f9 chaque spectateur \u00e9coute \u00e0 travers ses propres \u00e9couteurs, choisissant quel personnage suivre dans une trag\u00e9die amoureuse \u00e0 trois qui se d\u00e9roule \u00e0 l'\u00e9poque moderne.<span class=\"text_exposed_show\">\u00a0to follow in a three person love tragedy set in the modern day.<\/p>\n<p>DJ Genius Code, alias Gene Cody, n'a jamais \u00e9t\u00e9 amoureux, dans tous les sens du terme, mais, inspir\u00e9 par une romance \u00e9close entre deux de ses meilleurs amis, Gyl et Sky, Gene r\u00e9unit les deux amoureux et commence \u00e0 cr\u00e9er un album de musique exp\u00e9rimentale en utilisant leurs voix, leurs conversations ; leurs vies enti\u00e8res. Bas\u00e9 sur l'esprit qui habite les murs d'un artiste, le GENIUS romain, The Genius Code est une exp\u00e9rience th\u00e9\u00e2trale tr\u00e8s intime offrant \u00e0 chaque spectateur trois choix diff\u00e9rents d'une histoire.<\/p>\n<p>Choisissez votre camp, comparez les histoires apr\u00e8s.<\/span><\/p>\n\t<\/div>\r\n<\/div>\r\n\r\n\r\n\r\n\n\t<div class=\"wpb_gallery wpb_content_element clearfix\">\n\t\t<div class=\"wpb_wrapper\"><div class=\"wpb_gallery_slidesimage_grid\" data-onclick=\"link_image\" data-interval=\"5\">\r\n\r\n\t<div class=\"portfolio-wrap\">\r\n\r\n\t\t\t<span class=\"portfolio-loading\"><\/span>\r\n\r\n\t\t\t<div class=\"row portfolio-items masonry-items\" data-starting-filter=\"\" data-gutter=\"10px\" data-masonry-type=\"default\" data-bypass-cropping=\"true\"  data-ps=\"7\" data-loading=\"default\" data-categories-to-show=\"\" data-col-num=\"cols-3\">\r\n\r\n\r\n\r\n\t\r\n\t\t\t\t\t\t\t<div class=\"col span_4 regular element\" data-project-cat=\"\" data-default-color=\"true\" data-title-color=\"\" data-subtitle-color=\"\">\r\n\r\n\t\t\t\t\t\t\t<div class=\"inner-wrap animated\" data-animation=\"fade_in_from_bottom\">\r\n\r\n\t\t\t\t\t\t\t\r\n\t\t\t\t\t\t\t<div class=\"work-item style-2\">\r\n\r\n\t\t\t\t\t\t\t\t<img fetchpriority=\"high\" decoding=\"async\" class=\"skip-lazy\" src=\"https:\/\/surrealsorealtheatre.com\/wp-content\/uploads\/2021\/09\/SpotlightEmbraceSmall-500x500.jpg\" width=\"500\" height=\"500\" alt=\"SpotlightEmbraceSmall\" title=\"SpotlightEmbraceSmall\" \/>\r\n\t\t\t\t\t\t\t\t<div class=\"work-info-bg\"><\/div>\r\n\t\t\t\t\t\t\t\t<div class=\"work-info\">\r\n\r\n\r\n\t\t\t\t\t\t\t\t\t\t\t\t\t\t\t\t\t   \t\t\t <a href=\"https:\/\/surrealsorealtheatre.com\/wp-content\/uploads\/2021\/09\/SpotlightEmbraceSmall.jpg\" class=\"pretty_photo\"><\/a>\r\n\t\t\t\t\t\t\t\t   \t\t\r\n\t\t\t\t\t\t\t\t\t\t<div class=\"vert-center\">\r\n\t\t\t\t\t\t\t\t\t\t\t\t\t\t\t\t\t\t\t\t\t<\/div><!--\/vert-center-->\r\n\r\n\t\t\t\t\t\t\t\t\t\r\n\r\n\t\t\t\t\t\t\t\t<\/div>\r\n\t\t\t\t\t\t\t<\/div><!--work-item-->\r\n\r\n\t\t\t\t\t\t\r\n\r\n\t\t\t\t\t\t<\/div><\/div> \r\n\t\t\t\t\t\t\r\n\t\t\t\t\t\t\t<div class=\"col span_4 regular element\" data-project-cat=\"\" data-default-color=\"true\" data-title-color=\"\" data-subtitle-color=\"\">\r\n\r\n\t\t\t\t\t\t\t<div class=\"inner-wrap animated\" data-animation=\"fade_in_from_bottom\">\r\n\r\n\t\t\t\t\t\t\t\r\n\t\t\t\t\t\t\t<div class=\"work-item style-2\">\r\n\r\n\t\t\t\t\t\t\t\t<img decoding=\"async\" class=\"skip-lazy\" src=\"https:\/\/surrealsorealtheatre.com\/wp-content\/uploads\/2021\/09\/ListeningInSmall-500x500.jpeg\" width=\"500\" height=\"500\" alt=\"ListeningInSmall\" title=\"ListeningInSmall\" \/>\r\n\t\t\t\t\t\t\t\t<div class=\"work-info-bg\"><\/div>\r\n\t\t\t\t\t\t\t\t<div class=\"work-info\">\r\n\r\n\r\n\t\t\t\t\t\t\t\t\t\t\t\t\t\t\t\t\t   \t\t\t <a href=\"https:\/\/surrealsorealtheatre.com\/wp-content\/uploads\/2021\/09\/ListeningInSmall.jpeg\" class=\"pretty_photo\"><\/a>\r\n\t\t\t\t\t\t\t\t   \t\t\r\n\t\t\t\t\t\t\t\t\t\t<div class=\"vert-center\">\r\n\t\t\t\t\t\t\t\t\t\t\t\t\t\t\t\t\t\t\t\t\t<\/div><!--\/vert-center-->\r\n\r\n\t\t\t\t\t\t\t\t\t\r\n\r\n\t\t\t\t\t\t\t\t<\/div>\r\n\t\t\t\t\t\t\t<\/div><!--work-item-->\r\n\r\n\t\t\t\t\t\t\r\n\r\n\t\t\t\t\t\t<\/div><\/div> \r\n\t\t\t\t\t\t\r\n\t\t\t\t\t\t\t<div class=\"col span_4 regular element\" data-project-cat=\"\" data-default-color=\"true\" data-title-color=\"\" data-subtitle-color=\"\">\r\n\r\n\t\t\t\t\t\t\t<div class=\"inner-wrap animated\" data-animation=\"fade_in_from_bottom\">\r\n\r\n\t\t\t\t\t\t\t\r\n\t\t\t\t\t\t\t<div class=\"work-item style-2\">\r\n\r\n\t\t\t\t\t\t\t\t<img decoding=\"async\" class=\"skip-lazy\" src=\"https:\/\/surrealsorealtheatre.com\/wp-content\/uploads\/2021\/09\/MemorySmall-500x500.jpeg\" width=\"500\" height=\"500\" alt=\"MemorySmall\" title=\"MemorySmall\" \/>\r\n\t\t\t\t\t\t\t\t<div class=\"work-info-bg\"><\/div>\r\n\t\t\t\t\t\t\t\t<div class=\"work-info\">\r\n\r\n\r\n\t\t\t\t\t\t\t\t\t\t\t\t\t\t\t\t\t   \t\t\t <a href=\"https:\/\/surrealsorealtheatre.com\/wp-content\/uploads\/2021\/09\/MemorySmall.jpeg\" class=\"pretty_photo\"><\/a>\r\n\t\t\t\t\t\t\t\t   \t\t\r\n\t\t\t\t\t\t\t\t\t\t<div class=\"vert-center\">\r\n\t\t\t\t\t\t\t\t\t\t\t\t\t\t\t\t\t\t\t\t\t<\/div><!--\/vert-center-->\r\n\r\n\t\t\t\t\t\t\t\t\t\r\n\r\n\t\t\t\t\t\t\t\t<\/div>\r\n\t\t\t\t\t\t\t<\/div><!--work-item-->\r\n\r\n\t\t\t\t\t\t\r\n\r\n\t\t\t\t\t\t<\/div><\/div> \r\n\t\t\t\t\t\t<\/div><\/div><\/div>\n\t\t<\/div> \n\t<\/div> \r\n<div class=\"wpb_text_column wpb_content_element\" >\r\n\t<div class=\"wpb_wrapper\">\r\n\t\t<p style=\"text-align: center;\">Mise en sc\u00e8ne <strong>Jon Lachlan Stewart<\/strong> Lumi\u00e8res <strong>Megan Koshka<\/strong> Sc\u00e9nographie <strong>Cory Sincennes<\/strong><\/p>\n\t<\/div>\r\n<\/div>\r\n\r\n\r\n\r\n\n<div class=\"vc-zigzag-wrapper vc-zigzag-align-center\"><div class=\"vc-zigzag-inner\" style=\"width: 100%;min-height: 14px;background: 0 repeat-x url(&#039;data:image\/svg+xml;utf-8,%3C%3Fxml%20version%3D%221.0%22%20encoding%3D%22utf-8%22%3F%3E%3C%21DOCTYPE%20svg%20PUBLIC%20%22-%2F%2FW3C%2F%2FDTD%20SVG%201.1%2F%2FEN%22%20%22http%3A%2F%2Fwww.w3.org%2FGraphics%2FSVG%2F1.1%2FDTD%2Fsvg11.dtd%22%3E%3Csvg%20width%3D%2214px%22%20height%3D%2212px%22%20viewBox%3D%220%200%2018%2015%22%20version%3D%221.1%22%20xmlns%3D%22http%3A%2F%2Fwww.w3.org%2F2000%2Fsvg%22%20xmlns%3Axlink%3D%22http%3A%2F%2Fwww.w3.org%2F1999%2Fxlink%22%3E%3Cpolygon%20id%3D%22Combined-Shape%22%20fill%3D%22%23ebebeb%22%20points%3D%228.98762301%200%200%209.12771969%200%2014.519983%209%205.40479869%2018%2014.519983%2018%209.12771969%22%3E%3C%2Fpolygon%3E%3C%2Fsvg%3E&#039;);\"><\/div><\/div><blockquote class=\"nectar_single_testimonial\" data-color=\"default\" data-style=\"small_modern\"><div class=\"inner\"data-custom-color=\"true\" style=\"color: #7f7f7f;\"> <p><span class=\"open-quote\">&#8221;<\/span>La derni\u00e8re cr\u00e9ation du Surreal SoReal Theatre, qui a n\u00e9cessit\u00e9 deux ans de travail (pendant la r\u00e9sidence de la compagnie au Catalyst), est la production la plus ing\u00e9nieuse et la plus intrigante de la ville.  <\/p><span class=\"wrap\"><span>EDMONTON JOURNAL<\/span><\/span><\/div><\/blockquote><div class=\"nectar-video-box\" data-color=\"default-accent-color\"  data-play-button-size=\"larger\" data-border-radius=\"none\" data-hover=\"defaut\" data-shadow=\"none\"><div class=\"inner-wrap\"><a href=\"https:\/\/www.youtube.com\/watch?v=6MLu2RbKkio&#038;list=PL1v2hsVEyBibRBZ-xDUn9L7C8v9QuHBMO&#038;index=8\" class=\"full-link pp\"><\/a><img loading=\"lazy\" decoding=\"async\" width=\"1000\" height=\"667\" src=\"https:\/\/surrealsorealtheatre.com\/wp-content\/uploads\/2021\/09\/BlueVisionSmall.jpeg\" class=\"attachment-full size-full\" alt=\"\" srcset=\"https:\/\/surrealsorealtheatre.com\/wp-content\/uploads\/2021\/09\/BlueVisionSmall.jpeg 1000w, https:\/\/surrealsorealtheatre.com\/wp-content\/uploads\/2021\/09\/BlueVisionSmall-300x200.jpeg 300w, https:\/\/surrealsorealtheatre.com\/wp-content\/uploads\/2021\/09\/BlueVisionSmall-768x512.jpeg 768w, https:\/\/surrealsorealtheatre.com\/wp-content\/uploads\/2021\/09\/BlueVisionSmall-900x600.jpeg 900w\" sizes=\"(max-width: 1000px) 100vw, 1000px\" \/><a href=\"https:\/\/www.youtube.com\/watch?v=6MLu2RbKkio&#038;list=PL1v2hsVEyBibRBZ-xDUn9L7C8v9QuHBMO&#038;index=8\"  data-style=\"default\" data-parent-hover=\"\" data-font-style=\"p\" data-color=\"default\" class=\"play_button_2 large nectar_video_lightbox pp\"><span><span class=\"screen-reader-text\">Play Video<\/span><span class=\"play\"><span class=\"inner-wrap\"><svg version=\"1.1\"\r\n\t xmlns=\"http:\/\/www.w3.org\/2000\/svg\" xmlns:xlink=\"http:\/\/www.w3.org\/1999\/xlink\" width=\"600px\" height=\"800px\" x=\"0px\" y=\"0px\" viewbox=\"0 0 600 800\" enable-background=\"new 0 0 600 800\" xml:space=\"preserve\"><path fill=\"none\" d=\"M0-1.79v800L600,395L0-1.79z\"><\/path> <\/svg><\/span><\/span><\/span><\/a><\/div><\/div>\n\t\t\t<\/div> \n\t\t<\/div>\n\t<\/div> \n<\/div><\/div>","protected":false},"excerpt":{"rendered":"Play Video The Genius Code THE GENIUS CODE The Genius Code is a live play where each individual audience member listens through their own set of headphones, choosing which character\u00a0to...","protected":false},"author":1,"featured_media":0,"parent":6160,"menu_order":0,"comment_status":"closed","ping_status":"closed","template":"","meta":{"_coblocks_attr":"","_coblocks_dimensions":"","_coblocks_responsive_height":"","_coblocks_accordion_ie_support":"","footnotes":""},"class_list":["post-40","page","type-page","status-publish"],"_links":{"self":[{"href":"https:\/\/surrealsorealtheatre.com\/fr\/wp-json\/wp\/v2\/pages\/40","targetHints":{"allow":["GET"]}}],"collection":[{"href":"https:\/\/surrealsorealtheatre.com\/fr\/wp-json\/wp\/v2\/pages"}],"about":[{"href":"https:\/\/surrealsorealtheatre.com\/fr\/wp-json\/wp\/v2\/types\/page"}],"author":[{"embeddable":true,"href":"https:\/\/surrealsorealtheatre.com\/fr\/wp-json\/wp\/v2\/users\/1"}],"replies":[{"embeddable":true,"href":"https:\/\/surrealsorealtheatre.com\/fr\/wp-json\/wp\/v2\/comments?post=40"}],"version-history":[{"count":10,"href":"https:\/\/surrealsorealtheatre.com\/fr\/wp-json\/wp\/v2\/pages\/40\/revisions"}],"predecessor-version":[{"id":6706,"href":"https:\/\/surrealsorealtheatre.com\/fr\/wp-json\/wp\/v2\/pages\/40\/revisions\/6706"}],"up":[{"embeddable":true,"href":"https:\/\/surrealsorealtheatre.com\/fr\/wp-json\/wp\/v2\/pages\/6160"}],"wp:attachment":[{"href":"https:\/\/surrealsorealtheatre.com\/fr\/wp-json\/wp\/v2\/media?parent=40"}],"curies":[{"name":"wp","href":"https:\/\/api.w.org\/{rel}","templated":true}]}}