{"id":6019,"date":"2021-08-12T03:27:52","date_gmt":"2021-08-12T03:27:52","guid":{"rendered":"https:\/\/surrealsorealtheatre.com\/dog-a-1950s-homelife-nightmare\/"},"modified":"2022-03-04T01:43:05","modified_gmt":"2022-03-04T01:43:05","slug":"dog-a-1950s-homelife-nightmare","status":"publish","type":"page","link":"https:\/\/surrealsorealtheatre.com\/fr\/our-shows\/dog-a-1950s-homelife-nightmare\/","title":{"rendered":"Dog: a 1950&#8217;s Homelife Nightmare"},"content":{"rendered":"<div id=\"fws_69f3fba2f3c08\"  data-column-margin=\"default\" data-midnight=\"light\" data-top-percent=\"15%\" data-bottom-percent=\"15%\"  class=\"wpb_row vc_row-fluid vc_row full-width-section parallax_section\"  style=\"padding-top: calc(100vw * 0.15); padding-bottom: calc(100vw * 0.15); \"><div class=\"row-bg-wrap\" data-bg-animation=\"none\" data-bg-overlay=\"true\"><div class=\"inner-wrap using-image\"><div class=\"row-bg using-image using-bg-color\" data-parallax-speed=\"fast\" style=\"background-image: url(https:\/\/surrealsorealtheatre.com\/wp-content\/uploads\/2021\/09\/unnamed-3.jpg); background-position: left top; background-repeat: no-repeat; background-color: #000000; \"><\/div><\/div><div class=\"row-bg-overlay\" style=\"background-color:#565656;  opacity: 0.8; \"><\/div><\/div><div class=\"row_col_wrap_12 col span_12 light left\">\n\t<div  class=\"vc_col-sm-12 wpb_column column_container vc_column_container col centered-text no-extra-padding inherit_tablet inherit_phone\"  data-padding-pos=\"all\" data-has-bg-color=\"false\" data-bg-color=\"\" data-bg-opacity=\"1\" data-animation=\"\" data-delay=\"0\" >\n\t\t<div class=\"vc_column-inner\" >\n\t\t\t<div class=\"wpb_wrapper\">\n\t\t\t\t<div id=\"fws_69f3fba2f3f93\" data-midnight=\"\" data-column-margin=\"default\" class=\"wpb_row vc_row-fluid vc_row inner_row\"  style=\"padding-top: 30px; \"><div class=\"row-bg-wrap\"> <div class=\"row-bg\" ><\/div> <\/div><div class=\"row_col_wrap_12_inner col span_12  left\">\n\t<div  class=\"vc_col-sm-12 wpb_column column_container vc_column_container col child_column has-animation no-extra-padding inherit_tablet inherit_phone\"   data-padding-pos=\"all\" data-has-bg-color=\"false\" data-bg-color=\"\" data-bg-opacity=\"1\" data-animation=\"fade-in-from-bottom\" data-delay=\"500\">\n\t\t<div class=\"vc_column-inner\" >\n\t\t<div class=\"wpb_wrapper\">\n\t\t\t<a href=\"https:\/\/youtu.be\/ZnhBXc5Xseo\"  data-style=\"small\" data-parent-hover=\"\" data-font-style=\"h2\" data-color=\"default-accent-color\" class=\"play_button_with_text large nectar_video_lightbox pp\"><span><span class=\"screen-reader-text\">Play Video<\/span><span class=\"play\"><span class=\"inner-wrap\"><svg version=\"1.1\"\r\n\t xmlns=\"http:\/\/www.w3.org\/2000\/svg\" xmlns:xlink=\"http:\/\/www.w3.org\/1999\/xlink\" width=\"600px\" height=\"800px\" x=\"0px\" y=\"0px\" viewbox=\"0 0 600 800\" enable-background=\"new 0 0 600 800\" xml:space=\"preserve\"><path fill=\"none\" d=\"M0-1.79v800L600,395L0-1.79z\"><\/path> <\/svg><\/span><\/span><span class=\"link-text\"><h2>Dog<\/h2><\/span><\/span><\/a>\n\t\t<\/div> \n\t<\/div>\n\t<\/div> \n<\/div><\/div>\n\t\t\t<\/div> \n\t\t<\/div>\n\t<\/div> \n<\/div><\/div>\r\n\t\t<div id=\"fws_69f3fba300095\"  data-column-margin=\"default\" data-midnight=\"dark\" data-top-percent=\"5%\"  class=\"wpb_row vc_row-fluid vc_row\"  style=\"padding-top: calc(100vw * 0.05); padding-bottom: 0px; \"><div class=\"row-bg-wrap\" data-bg-animation=\"none\" data-bg-overlay=\"false\"><div class=\"inner-wrap\"><div class=\"row-bg\"  style=\"\"><\/div><\/div><\/div><div class=\"row_col_wrap_12 col span_12 dark left\">\n\t<div  class=\"vc_col-sm-12 wpb_column column_container vc_column_container col centered-text padding-7-percent right_margin_200px left_margin_200px el_spacing_50px right_margin_tablet_0px right_margin_phone_0px left_margin_tablet_0px left_margin_phone_0px inherit_tablet inherit_phone\"  data-shadow=\"medium_depth\" data-padding-pos=\"all\" data-has-bg-color=\"false\" data-bg-color=\"\" data-bg-opacity=\"1\" data-animation=\"\" data-delay=\"0\" >\n\t\t<div class=\"vc_column-inner\" ><div class=\"column-bg-overlay-wrap\" data-bg-animation=\"none\"><div class=\"column-bg-overlay\"><\/div><\/div>\n\t\t\t<div class=\"wpb_wrapper\">\n\t\t\t\t<div class=\"nectar-split-heading\" data-align=\"center\" data-m-align=\"inherit\" data-animation-type=\"line-reveal-by-space\" data-animation-delay=\"0\" data-m-rm-animation=\"\" data-stagger=\"\" data-custom-font-size=\"false\" ><h3 style=\" color: #000000;\">DOG: A 1950's HOMELIFE NIGHTMARE<\/h3><\/div>\r\n<div class=\"wpb_text_column wpb_content_element\" >\r\n\t<div class=\"wpb_wrapper\">\r\n\t\t<div class=\"page\" title=\"Page 8\">\n<div class=\"layoutArea\">\n<div class=\"column\">\n<p>Edward et Vally Bright ont un mariage agr\u00e9able, pas trop au-dessus de la moyenne, et certainement pas en dessous. En tant que jeune psychoth\u00e9rapeute brillant et h\u00f4tesse dans un restaurant, les choses ne peuvent pas aller mieux. Mais \u00e0 la suite d\u2019une fausse couche soudaine et inattendue, une chape de d\u00e9pression recouvre toute leur vie. Heureusement, Edward se trouve en plein milieu d\u2019une nouvelle exp\u00e9rience de traitement pharmaceutique de la d\u00e9pression. Entre-temps, Vally a trouv\u00e9 un chien errant pour lui tenir compagnie dans sa solitude, mais lorsqu\u2019elle commence \u00e0 entendre la voix de l\u2019enfant qu\u2019elle a perdu \u00e0 travers le chien, les mensonges se multiplient, une trahison s\u2019ensuit, et une grande aventure conduit \u00e0 l\u2019invention de l\u2019antid\u00e9presseur le plus efficace de l\u2019histoire. Laissez-vous entra\u00eener dans la folie du chien. C\u2019est tout ce qu\u2019il y a et tout ce qu\u2019il y a jamais eu.<\/p>\n<\/div>\n<\/div>\n<\/div>\n\t<\/div>\r\n<\/div>\r\n\r\n\r\n\r\n\n\t<div class=\"wpb_gallery wpb_content_element clearfix\">\n\t\t<div class=\"wpb_wrapper\"><div class=\"wpb_gallery_slidesimage_grid\" data-onclick=\"link_image\" data-interval=\"5\">\r\n\r\n\t<div class=\"portfolio-wrap\">\r\n\r\n\t\t\t<span class=\"portfolio-loading\"><\/span>\r\n\r\n\t\t\t<div class=\"row portfolio-items masonry-items\" data-starting-filter=\"\" data-gutter=\"10px\" data-masonry-type=\"default\" data-bypass-cropping=\"true\"  data-ps=\"7\" data-loading=\"default\" data-categories-to-show=\"\" data-col-num=\"cols-3\">\r\n\r\n\r\n\r\n\t\r\n\t\t\t\t\t\t\t<div class=\"col span_4 regular element\" data-project-cat=\"\" data-default-color=\"true\" data-title-color=\"\" data-subtitle-color=\"\">\r\n\r\n\t\t\t\t\t\t\t<div class=\"inner-wrap animated\" data-animation=\"none\">\r\n\r\n\t\t\t\t\t\t\t\r\n\t\t\t\t\t\t\t<div class=\"work-item style-2\">\r\n\r\n\t\t\t\t\t\t\t\t<img fetchpriority=\"high\" decoding=\"async\" class=\"skip-lazy\" src=\"https:\/\/surrealsorealtheatre.com\/wp-content\/uploads\/2021\/09\/Dogopening-400x400.jpg\" width=\"400\" height=\"400\" alt=\"Dog+opening\" title=\"Dog+opening\" \/>\r\n\t\t\t\t\t\t\t\t<div class=\"work-info-bg\"><\/div>\r\n\t\t\t\t\t\t\t\t<div class=\"work-info\">\r\n\r\n\r\n\t\t\t\t\t\t\t\t\t\t\t\t\t\t\t\t\t   \t\t\t <a href=\"https:\/\/surrealsorealtheatre.com\/wp-content\/uploads\/2021\/09\/Dogopening.jpg\" class=\"pretty_photo\"><\/a>\r\n\t\t\t\t\t\t\t\t   \t\t\r\n\t\t\t\t\t\t\t\t\t\t<div class=\"vert-center\">\r\n\t\t\t\t\t\t\t\t\t\t\t\t\t\t\t\t\t\t\t\t\t<\/div><!--\/vert-center-->\r\n\r\n\t\t\t\t\t\t\t\t\t\r\n\r\n\t\t\t\t\t\t\t\t<\/div>\r\n\t\t\t\t\t\t\t<\/div><!--work-item-->\r\n\r\n\t\t\t\t\t\t\r\n\r\n\t\t\t\t\t\t<\/div><\/div> \r\n\t\t\t\t\t\t\r\n\t\t\t\t\t\t\t<div class=\"col span_4 regular element\" data-project-cat=\"\" data-default-color=\"true\" data-title-color=\"\" data-subtitle-color=\"\">\r\n\r\n\t\t\t\t\t\t\t<div class=\"inner-wrap animated\" data-animation=\"none\">\r\n\r\n\t\t\t\t\t\t\t\r\n\t\t\t\t\t\t\t<div class=\"work-item style-2\">\r\n\r\n\t\t\t\t\t\t\t\t<img decoding=\"async\" class=\"skip-lazy\" src=\"https:\/\/surrealsorealtheatre.com\/wp-content\/uploads\/2021\/09\/Romance-400x400.jpg\" width=\"400\" height=\"400\" alt=\"Romance\" title=\"Romance\" \/>\r\n\t\t\t\t\t\t\t\t<div class=\"work-info-bg\"><\/div>\r\n\t\t\t\t\t\t\t\t<div class=\"work-info\">\r\n\r\n\r\n\t\t\t\t\t\t\t\t\t\t\t\t\t\t\t\t\t   \t\t\t <a href=\"https:\/\/surrealsorealtheatre.com\/wp-content\/uploads\/2021\/09\/Romance.jpg\" class=\"pretty_photo\"><\/a>\r\n\t\t\t\t\t\t\t\t   \t\t\r\n\t\t\t\t\t\t\t\t\t\t<div class=\"vert-center\">\r\n\t\t\t\t\t\t\t\t\t\t\t\t\t\t\t\t\t\t\t\t\t<\/div><!--\/vert-center-->\r\n\r\n\t\t\t\t\t\t\t\t\t\r\n\r\n\t\t\t\t\t\t\t\t<\/div>\r\n\t\t\t\t\t\t\t<\/div><!--work-item-->\r\n\r\n\t\t\t\t\t\t\r\n\r\n\t\t\t\t\t\t<\/div><\/div> \r\n\t\t\t\t\t\t\r\n\t\t\t\t\t\t\t<div class=\"col span_4 regular element\" data-project-cat=\"\" data-default-color=\"true\" data-title-color=\"\" data-subtitle-color=\"\">\r\n\r\n\t\t\t\t\t\t\t<div class=\"inner-wrap animated\" data-animation=\"none\">\r\n\r\n\t\t\t\t\t\t\t\r\n\t\t\t\t\t\t\t<div class=\"work-item style-2\">\r\n\r\n\t\t\t\t\t\t\t\t<img decoding=\"async\" class=\"skip-lazy\" src=\"https:\/\/surrealsorealtheatre.com\/wp-content\/uploads\/2021\/09\/DogPosterImage-400x400.jpg\" width=\"400\" height=\"400\" alt=\"DogPosterImage\" title=\"DogPosterImage\" \/>\r\n\t\t\t\t\t\t\t\t<div class=\"work-info-bg\"><\/div>\r\n\t\t\t\t\t\t\t\t<div class=\"work-info\">\r\n\r\n\r\n\t\t\t\t\t\t\t\t\t\t\t\t\t\t\t\t\t   \t\t\t <a href=\"https:\/\/surrealsorealtheatre.com\/wp-content\/uploads\/2021\/09\/DogPosterImage.jpg\" class=\"pretty_photo\"><\/a>\r\n\t\t\t\t\t\t\t\t   \t\t\r\n\t\t\t\t\t\t\t\t\t\t<div class=\"vert-center\">\r\n\t\t\t\t\t\t\t\t\t\t\t\t\t\t\t\t\t\t\t\t\t<\/div><!--\/vert-center-->\r\n\r\n\t\t\t\t\t\t\t\t\t\r\n\r\n\t\t\t\t\t\t\t\t<\/div>\r\n\t\t\t\t\t\t\t<\/div><!--work-item-->\r\n\r\n\t\t\t\t\t\t\r\n\r\n\t\t\t\t\t\t<\/div><\/div> \r\n\t\t\t\t\t\t\r\n\t\t\t\t\t\t\t<div class=\"col span_4 regular element\" data-project-cat=\"\" data-default-color=\"true\" data-title-color=\"\" data-subtitle-color=\"\">\r\n\r\n\t\t\t\t\t\t\t<div class=\"inner-wrap animated\" data-animation=\"none\">\r\n\r\n\t\t\t\t\t\t\t\r\n\t\t\t\t\t\t\t<div class=\"work-item style-2\">\r\n\r\n\t\t\t\t\t\t\t\t<img loading=\"lazy\" decoding=\"async\" class=\"skip-lazy\" src=\"https:\/\/surrealsorealtheatre.com\/wp-content\/uploads\/2021\/09\/IMG_1440a-400x400.jpg\" width=\"400\" height=\"400\" alt=\"IMG_1440a\" title=\"IMG_1440a\" \/>\r\n\t\t\t\t\t\t\t\t<div class=\"work-info-bg\"><\/div>\r\n\t\t\t\t\t\t\t\t<div class=\"work-info\">\r\n\r\n\r\n\t\t\t\t\t\t\t\t\t\t\t\t\t\t\t\t\t   \t\t\t <a href=\"https:\/\/surrealsorealtheatre.com\/wp-content\/uploads\/2021\/09\/IMG_1440a.jpg\" class=\"pretty_photo\"><\/a>\r\n\t\t\t\t\t\t\t\t   \t\t\r\n\t\t\t\t\t\t\t\t\t\t<div class=\"vert-center\">\r\n\t\t\t\t\t\t\t\t\t\t\t\t\t\t\t\t\t\t\t\t\t<\/div><!--\/vert-center-->\r\n\r\n\t\t\t\t\t\t\t\t\t\r\n\r\n\t\t\t\t\t\t\t\t<\/div>\r\n\t\t\t\t\t\t\t<\/div><!--work-item-->\r\n\r\n\t\t\t\t\t\t\r\n\r\n\t\t\t\t\t\t<\/div><\/div> \r\n\t\t\t\t\t\t\r\n\t\t\t\t\t\t\t<div class=\"col span_4 regular element\" data-project-cat=\"\" data-default-color=\"true\" data-title-color=\"\" data-subtitle-color=\"\">\r\n\r\n\t\t\t\t\t\t\t<div class=\"inner-wrap animated\" data-animation=\"none\">\r\n\r\n\t\t\t\t\t\t\t\r\n\t\t\t\t\t\t\t<div class=\"work-item style-2\">\r\n\r\n\t\t\t\t\t\t\t\t<img loading=\"lazy\" decoding=\"async\" class=\"skip-lazy\" src=\"https:\/\/surrealsorealtheatre.com\/wp-content\/uploads\/2021\/09\/IMG_1487a-400x400.jpg\" width=\"400\" height=\"400\" alt=\"IMG_1487a\" title=\"IMG_1487a\" \/>\r\n\t\t\t\t\t\t\t\t<div class=\"work-info-bg\"><\/div>\r\n\t\t\t\t\t\t\t\t<div class=\"work-info\">\r\n\r\n\r\n\t\t\t\t\t\t\t\t\t\t\t\t\t\t\t\t\t   \t\t\t <a href=\"https:\/\/surrealsorealtheatre.com\/wp-content\/uploads\/2021\/09\/IMG_1487a.jpg\" class=\"pretty_photo\"><\/a>\r\n\t\t\t\t\t\t\t\t   \t\t\r\n\t\t\t\t\t\t\t\t\t\t<div class=\"vert-center\">\r\n\t\t\t\t\t\t\t\t\t\t\t\t\t\t\t\t\t\t\t\t\t<\/div><!--\/vert-center-->\r\n\r\n\t\t\t\t\t\t\t\t\t\r\n\r\n\t\t\t\t\t\t\t\t<\/div>\r\n\t\t\t\t\t\t\t<\/div><!--work-item-->\r\n\r\n\t\t\t\t\t\t\r\n\r\n\t\t\t\t\t\t<\/div><\/div> \r\n\t\t\t\t\t\t\r\n\t\t\t\t\t\t\t<div class=\"col span_4 regular element\" data-project-cat=\"\" data-default-color=\"true\" data-title-color=\"\" data-subtitle-color=\"\">\r\n\r\n\t\t\t\t\t\t\t<div class=\"inner-wrap animated\" data-animation=\"none\">\r\n\r\n\t\t\t\t\t\t\t\r\n\t\t\t\t\t\t\t<div class=\"work-item style-2\">\r\n\r\n\t\t\t\t\t\t\t\t<img loading=\"lazy\" decoding=\"async\" class=\"skip-lazy\" src=\"https:\/\/surrealsorealtheatre.com\/wp-content\/uploads\/2021\/09\/IMG_1410a-400x400.jpg\" width=\"400\" height=\"400\" alt=\"IMG_1410a\" title=\"IMG_1410a\" \/>\r\n\t\t\t\t\t\t\t\t<div class=\"work-info-bg\"><\/div>\r\n\t\t\t\t\t\t\t\t<div class=\"work-info\">\r\n\r\n\r\n\t\t\t\t\t\t\t\t\t\t\t\t\t\t\t\t\t   \t\t\t <a href=\"https:\/\/surrealsorealtheatre.com\/wp-content\/uploads\/2021\/09\/IMG_1410a.jpg\" class=\"pretty_photo\"><\/a>\r\n\t\t\t\t\t\t\t\t   \t\t\r\n\t\t\t\t\t\t\t\t\t\t<div class=\"vert-center\">\r\n\t\t\t\t\t\t\t\t\t\t\t\t\t\t\t\t\t\t\t\t\t<\/div><!--\/vert-center-->\r\n\r\n\t\t\t\t\t\t\t\t\t\r\n\r\n\t\t\t\t\t\t\t\t<\/div>\r\n\t\t\t\t\t\t\t<\/div><!--work-item-->\r\n\r\n\t\t\t\t\t\t\r\n\r\n\t\t\t\t\t\t<\/div><\/div> \r\n\t\t\t\t\t\t<\/div><\/div><\/div>\n\t\t<\/div> \n\t<\/div> \n<div class=\"vc-zigzag-wrapper vc-zigzag-align-center\"><div class=\"vc-zigzag-inner\" style=\"width: 100%;min-height: 14px;background: 0 repeat-x url(&#039;data:image\/svg+xml;utf-8,%3C%3Fxml%20version%3D%221.0%22%20encoding%3D%22utf-8%22%3F%3E%3C%21DOCTYPE%20svg%20PUBLIC%20%22-%2F%2FW3C%2F%2FDTD%20SVG%201.1%2F%2FEN%22%20%22http%3A%2F%2Fwww.w3.org%2FGraphics%2FSVG%2F1.1%2FDTD%2Fsvg11.dtd%22%3E%3Csvg%20width%3D%2214px%22%20height%3D%2212px%22%20viewBox%3D%220%200%2018%2015%22%20version%3D%221.1%22%20xmlns%3D%22http%3A%2F%2Fwww.w3.org%2F2000%2Fsvg%22%20xmlns%3Axlink%3D%22http%3A%2F%2Fwww.w3.org%2F1999%2Fxlink%22%3E%3Cpolygon%20id%3D%22Combined-Shape%22%20fill%3D%22%23ebebeb%22%20points%3D%228.98762301%200%200%209.12771969%200%2014.519983%209%205.40479869%2018%2014.519983%2018%209.12771969%22%3E%3C%2Fpolygon%3E%3C%2Fsvg%3E&#039;);\"><\/div><\/div><blockquote class=\"nectar_single_testimonial\" data-color=\"default\" data-style=\"small_modern\"><div class=\"inner\"data-custom-color=\"true\" style=\"color: #7a7a7a;\"> <p><span class=\"open-quote\">&#8221;<\/span>Une exp\u00e9rience audacieuse  aboutie <\/p><span class=\"wrap\"><span>EDMONTON JOURNAL<\/span><\/span><\/div><\/blockquote>\n\t\t\t<\/div> \n\t\t<\/div>\n\t<\/div> \n<\/div><\/div>","protected":false},"excerpt":{"rendered":"Play Video Dog DOG: A 1950's HOMELIFE NIGHTMARE Edward and Vally Bright have a pleasant marriage, not too above average, and certainly not below. As a bright young psychotherapist and...","protected":false},"author":1,"featured_media":0,"parent":6160,"menu_order":0,"comment_status":"closed","ping_status":"closed","template":"","meta":{"_coblocks_attr":"","_coblocks_dimensions":"","_coblocks_responsive_height":"","_coblocks_accordion_ie_support":"","footnotes":""},"class_list":["post-6019","page","type-page","status-publish"],"_links":{"self":[{"href":"https:\/\/surrealsorealtheatre.com\/fr\/wp-json\/wp\/v2\/pages\/6019","targetHints":{"allow":["GET"]}}],"collection":[{"href":"https:\/\/surrealsorealtheatre.com\/fr\/wp-json\/wp\/v2\/pages"}],"about":[{"href":"https:\/\/surrealsorealtheatre.com\/fr\/wp-json\/wp\/v2\/types\/page"}],"author":[{"embeddable":true,"href":"https:\/\/surrealsorealtheatre.com\/fr\/wp-json\/wp\/v2\/users\/1"}],"replies":[{"embeddable":true,"href":"https:\/\/surrealsorealtheatre.com\/fr\/wp-json\/wp\/v2\/comments?post=6019"}],"version-history":[{"count":8,"href":"https:\/\/surrealsorealtheatre.com\/fr\/wp-json\/wp\/v2\/pages\/6019\/revisions"}],"predecessor-version":[{"id":6708,"href":"https:\/\/surrealsorealtheatre.com\/fr\/wp-json\/wp\/v2\/pages\/6019\/revisions\/6708"}],"up":[{"embeddable":true,"href":"https:\/\/surrealsorealtheatre.com\/fr\/wp-json\/wp\/v2\/pages\/6160"}],"wp:attachment":[{"href":"https:\/\/surrealsorealtheatre.com\/fr\/wp-json\/wp\/v2\/media?parent=6019"}],"curies":[{"name":"wp","href":"https:\/\/api.w.org\/{rel}","templated":true}]}}