{"id":7010,"date":"2024-12-05T22:44:02","date_gmt":"2024-12-05T22:44:02","guid":{"rendered":"https:\/\/surrealsorealtheatre.com\/?page_id=7010"},"modified":"2024-12-05T22:45:13","modified_gmt":"2024-12-05T22:45:13","slug":"space-juice","status":"publish","type":"page","link":"https:\/\/surrealsorealtheatre.com\/fr\/our-shows\/space-juice\/","title":{"rendered":"Space Juice"},"content":{"rendered":"<div id=\"fws_69e7654662556\"  data-column-margin=\"default\" data-midnight=\"dark\" data-top-percent=\"5%\"  class=\"wpb_row vc_row-fluid vc_row\"  style=\"padding-top: calc(100vw * 0.05); padding-bottom: 0px; \"><div class=\"row-bg-wrap\" data-bg-animation=\"none\" data-bg-overlay=\"false\"><div class=\"inner-wrap\"><div class=\"row-bg\"  style=\"\"><\/div><\/div><\/div><div class=\"row_col_wrap_12 col span_12 dark left\">\n\t<div  class=\"vc_col-sm-12 wpb_column column_container vc_column_container col centered-text padding-7-percent right_margin_150px left_margin_150px el_spacing_50px right_margin_phone_0px left_margin_phone_0px inherit_tablet inherit_phone\"  data-shadow=\"medium_depth\" data-padding-pos=\"all\" data-has-bg-color=\"false\" data-bg-color=\"\" data-bg-opacity=\"1\" data-animation=\"\" data-delay=\"0\" >\n\t\t<div class=\"vc_column-inner\" ><div class=\"column-bg-overlay-wrap\" data-bg-animation=\"none\"><div class=\"column-bg-overlay\"><\/div><\/div>\n\t\t\t<div class=\"wpb_wrapper\">\n\t\t\t\t<div class=\"nectar-split-heading\" data-align=\"center\" data-m-align=\"inherit\" data-animation-type=\"line-reveal-by-space\" data-animation-delay=\"0\" data-m-rm-animation=\"\" data-stagger=\"\" data-custom-font-size=\"false\" ><h3 >SPACE JUICE<\/h3><\/div><div class=\"nectar-split-heading\" data-align=\"center\" data-m-align=\"inherit\" data-animation-type=\"line-reveal-by-space\" data-animation-delay=\"0\" data-m-rm-animation=\"\" data-stagger=\"\" data-custom-font-size=\"false\" ><h3 >Une histoire satirique de science-fiction sur la connexion, l'espoir et les myst\u00e8res de l'univers<\/h3><\/div>\r\n<div class=\"wpb_text_column wpb_content_element\" >\r\n\t<div class=\"wpb_wrapper\">\r\n\t\t<p class=\"cvGsUA direction-ltr align-justify para-style-body\" style=\"text-align: left;\"><span class=\"OYPEnA font-feature-liga-off font-feature-clig-off font-feature-calt-off text-decoration-none text-strikethrough-none\">Une nouvelle ressource a \u00e9t\u00e9 d\u00e9couverte dans les ast\u00e9ro\u00efdes proches de la Terre : le jus d\u2019orange. Cette substance incroyablement puissante peut alimenter les machines de mani\u00e8re plus durable que les combustibles fossiles, se m\u00e9langer aux m\u00e9taux pour cr\u00e9er des alliages l\u00e9gers et r\u00e9sistants, ou m\u00eame \u00eatre tiss\u00e9e en textiles pour une mode \u00e0 la fine pointe de l\u2019innovation. C\u2019est aussi un hallucinog\u00e8ne puissant, adopt\u00e9 \u00e0 la fois comme drogue r\u00e9cr\u00e9ative et comme porte spirituelle vers d\u2019autres dimensions.<\/span><\/p>\n<p class=\"cvGsUA direction-ltr align-justify para-style-body\" style=\"text-align: left;\"><span class=\"OYPEnA font-feature-liga-off font-feature-clig-off font-feature-calt-off text-decoration-none text-strikethrough-none\">L\u2019arriv\u00e9e du jus d\u2019orange a polaris\u00e9 la soci\u00e9t\u00e9. Certains y voient un moyen d\u2019explorer l\u2019espace et de quitter la Terre. D\u2019autres souhaitent l\u2019utiliser pour pr\u00e9server la vie telle qu\u2019elle est sur notre plan\u00e8te, ou m\u00eame pour la gu\u00e9rir.<\/span><\/p>\n<p class=\"cvGsUA direction-ltr align-justify para-style-body\" style=\"text-align: left;\"><span class=\"OYPEnA font-feature-liga-off font-feature-clig-off font-feature-calt-off text-decoration-none text-strikethrough-none\">Au c\u0153ur de cette histoire satirique aux multiples facettes se trouvent deux personnages principaux : une chercheuse travaillant dans l\u2019espace \u00e0 la r\u00e9colte du jus d\u2019orange, et sa ni\u00e8ce adolescente rest\u00e9e sur Terre, qui en fait usage comme drogue pour fuir la dure r\u00e9alit\u00e9 du quotidien. Toutes deux se sentent perdues, chacune \u00e0 leur mani\u00e8re. Lorsqu\u2019un jour, la ni\u00e8ce laisse accidentellement son petit fr\u00e8re en bas \u00e2ge consommer du jus d\u2019orange, l\u2019enfant d\u00e9veloppe des pouvoirs \u00e9tranges et magnifiques, susceptibles de r\u00e9unir la famille \u2014 et de r\u00e9v\u00e9ler les v\u00e9ritables origines de cette substance. Alors que les r\u00e9serves de jus d\u2019orange s\u2019\u00e9puisent, l\u2019humanit\u00e9 est contrainte de se confronter \u00e0 la vie qu\u2019elle m\u00e8ne d\u00e9j\u00e0 et de r\u00e9imaginer son avenir.<\/span><\/p>\n\t<\/div>\r\n<\/div>\r\n\r\n\r\n\r\n\n<div class=\"vc-zigzag-wrapper vc-zigzag-align-center\"><div class=\"vc-zigzag-inner\" style=\"width: 100%;min-height: 14px;background: 0 repeat-x url(&#039;data:image\/svg+xml;utf-8,%3C%3Fxml%20version%3D%221.0%22%20encoding%3D%22utf-8%22%3F%3E%3C%21DOCTYPE%20svg%20PUBLIC%20%22-%2F%2FW3C%2F%2FDTD%20SVG%201.1%2F%2FEN%22%20%22http%3A%2F%2Fwww.w3.org%2FGraphics%2FSVG%2F1.1%2FDTD%2Fsvg11.dtd%22%3E%3Csvg%20width%3D%2214px%22%20height%3D%2212px%22%20viewBox%3D%220%200%2018%2015%22%20version%3D%221.1%22%20xmlns%3D%22http%3A%2F%2Fwww.w3.org%2F2000%2Fsvg%22%20xmlns%3Axlink%3D%22http%3A%2F%2Fwww.w3.org%2F1999%2Fxlink%22%3E%3Cpolygon%20id%3D%22Combined-Shape%22%20fill%3D%22%23ebebeb%22%20points%3D%228.98762301%200%200%209.12771969%200%2014.519983%209%205.40479869%2018%2014.519983%2018%209.12771969%22%3E%3C%2Fpolygon%3E%3C%2Fsvg%3E&#039;);\"><\/div><\/div>\n\t\t\t<\/div> \n\t\t<\/div>\n\t<\/div> \n<\/div><\/div>","protected":false},"excerpt":{"rendered":"SPACE JUICEA Satirical Sci-Fi Story About Connection, Hope, and the Mysteries of the Universe A new resource has been discovered in asteroids near Earth: Orange Juice. This incredibly powerful substance...","protected":false},"author":1,"featured_media":0,"parent":6160,"menu_order":0,"comment_status":"closed","ping_status":"closed","template":"","meta":{"_coblocks_attr":"","_coblocks_dimensions":"","_coblocks_responsive_height":"","_coblocks_accordion_ie_support":"","footnotes":""},"class_list":["post-7010","page","type-page","status-publish"],"_links":{"self":[{"href":"https:\/\/surrealsorealtheatre.com\/fr\/wp-json\/wp\/v2\/pages\/7010","targetHints":{"allow":["GET"]}}],"collection":[{"href":"https:\/\/surrealsorealtheatre.com\/fr\/wp-json\/wp\/v2\/pages"}],"about":[{"href":"https:\/\/surrealsorealtheatre.com\/fr\/wp-json\/wp\/v2\/types\/page"}],"author":[{"embeddable":true,"href":"https:\/\/surrealsorealtheatre.com\/fr\/wp-json\/wp\/v2\/users\/1"}],"replies":[{"embeddable":true,"href":"https:\/\/surrealsorealtheatre.com\/fr\/wp-json\/wp\/v2\/comments?post=7010"}],"version-history":[{"count":3,"href":"https:\/\/surrealsorealtheatre.com\/fr\/wp-json\/wp\/v2\/pages\/7010\/revisions"}],"predecessor-version":[{"id":7015,"href":"https:\/\/surrealsorealtheatre.com\/fr\/wp-json\/wp\/v2\/pages\/7010\/revisions\/7015"}],"up":[{"embeddable":true,"href":"https:\/\/surrealsorealtheatre.com\/fr\/wp-json\/wp\/v2\/pages\/6160"}],"wp:attachment":[{"href":"https:\/\/surrealsorealtheatre.com\/fr\/wp-json\/wp\/v2\/media?parent=7010"}],"curies":[{"name":"wp","href":"https:\/\/api.w.org\/{rel}","templated":true}]}}