{"id":7018,"date":"2024-12-06T15:23:26","date_gmt":"2024-12-06T15:23:26","guid":{"rendered":"https:\/\/surrealsorealtheatre.com\/?page_id=7018"},"modified":"2024-12-06T15:24:30","modified_gmt":"2024-12-06T15:24:30","slug":"the-impossible-lighe","status":"publish","type":"page","link":"https:\/\/surrealsorealtheatre.com\/fr\/our-shows\/the-impossible-lighe\/","title":{"rendered":"The Impossible Lighe"},"content":{"rendered":"<div id=\"fws_69e73b82c6d0b\"  data-column-margin=\"default\" data-midnight=\"dark\" data-top-percent=\"5%\"  class=\"wpb_row vc_row-fluid vc_row\"  style=\"padding-top: calc(100vw * 0.05); padding-bottom: 0px; \"><div class=\"row-bg-wrap\" data-bg-animation=\"none\" data-bg-overlay=\"false\"><div class=\"inner-wrap\"><div class=\"row-bg\"  style=\"\"><\/div><\/div><\/div><div class=\"row_col_wrap_12 col span_12 dark left\">\n\t<div  class=\"vc_col-sm-12 wpb_column column_container vc_column_container col centered-text padding-7-percent right_margin_150px left_margin_150px el_spacing_50px right_margin_phone_0px left_margin_phone_0px inherit_tablet inherit_phone\"  data-shadow=\"medium_depth\" data-padding-pos=\"all\" data-has-bg-color=\"false\" data-bg-color=\"\" data-bg-opacity=\"1\" data-animation=\"\" data-delay=\"0\" >\n\t\t<div class=\"vc_column-inner\" ><div class=\"column-bg-overlay-wrap\" data-bg-animation=\"none\"><div class=\"column-bg-overlay\"><\/div><\/div>\n\t\t\t<div class=\"wpb_wrapper\">\n\t\t\t\t<div class=\"nectar-split-heading\" data-align=\"center\" data-m-align=\"inherit\" data-animation-type=\"line-reveal-by-space\" data-animation-delay=\"0\" data-m-rm-animation=\"\" data-stagger=\"\" data-custom-font-size=\"false\" ><h3 >THE IMPOSSIBLE LIGHT<\/h3><\/div>\r\n<div class=\"wpb_text_column wpb_content_element\" >\r\n\t<div class=\"wpb_wrapper\">\r\n\t\t<p style=\"text-align: left;\"><strong>\u00c0 PROPOS<\/strong><\/p>\n<p class=\"cvGsUA direction-ltr align-justify para-style-body\" style=\"text-align: left;\"><span class=\"OYPEnA font-feature-liga-off font-feature-clig-off font-feature-calt-off text-decoration-none text-strikethrough-none\">Pendant le confinement d\u00fb \u00e0 la COVID, un p\u00e8re raconte \u00e0 son fils de 4 ans une histoire pour l\u2019endormir : un homme, pi\u00e9g\u00e9 dans une grotte, y d\u00e9couvre une lumi\u00e8re vivante. La lumi\u00e8re le taquine, lui montrant des chemins qui ne m\u00e8nent nulle part, mais finit par lui r\u00e9v\u00e9ler la beaut\u00e9 de la grotte. Des secouristes finissent par le sortir de l\u00e0, mais une fois en ville, il ne parvient plus \u00e0 voir sa \u00ab lumi\u00e8re personnelle \u00bb \u00e0 travers l\u2019\u00e9blouissement urbain.<\/span><\/p>\n<p class=\"cvGsUA direction-ltr align-justify para-style-body\" style=\"text-align: left;\"><span class=\"OYPEnA font-feature-liga-off font-feature-clig-off font-feature-calt-off text-decoration-none text-strikethrough-none\">Cette histoire a inspir\u00e9 The Impossible Light, qui suit Callen, un programmeur absorb\u00e9 par les \u00e9crans et les jeux vid\u00e9o. Lorsque sa partenaire, Claire, tombe enceinte, Callen plonge dans la peur et le d\u00e9tachement. Fascin\u00e9 par les grottes \u2014 obsession n\u00e9e d\u2019images du sauvetage des enfants tha\u00eflandais en 2018 \u2014 il s\u2019aventure dans une grotte proche, o\u00f9 il se retrouve pi\u00e9g\u00e9. L\u00e0, il rencontre une lumi\u00e8re vivante qui le guide \u00e0 travers des visions de la grossesse de Claire, des \u00e9chos des enfants pi\u00e9g\u00e9s, et des reflets de ses propres peurs et ins\u00e9curit\u00e9s. Dans les profondeurs ut\u00e9rines de la grotte, Callen devient \u00e0 la fois observateur, sauveteur et enfant.<\/span><\/p>\n<p class=\"cvGsUA direction-ltr align-justify para-style-body\" style=\"text-align: left;\"><span class=\"OYPEnA font-feature-liga-off font-feature-clig-off font-feature-calt-off text-decoration-none text-strikethrough-none\">Le r\u00e9cit fait \u00e9cho \u00e0 l\u2019All\u00e9gorie de la caverne de Platon. Mais ici, l\u2019illusion de Callen n\u2019est pas faite d\u2019ombres, mais des \u00e9crans lumineux qui composent son quotidien. Son parcours l\u2019am\u00e8ne \u00e0 une v\u00e9rit\u00e9 : pour embrasser pleinement son humanit\u00e9, il doit abandonner les distractions de la technologie et se reconnecter au monde physique.<\/span><\/p>\n<p style=\"text-align: left;\"><strong>VISION<\/strong> <strong>ARTISTIQUE<\/strong><\/p>\n<p style=\"text-align: left;\"><span class=\"OYPEnA font-feature-liga-off font-feature-clig-off font-feature-calt-off text-decoration-none text-strikethrough-none\">La \u00ab lumi\u00e8re \u00bb de l\u2019histoire prend vie gr\u00e2ce \u00e0 une combinaison de projecteurs programm\u00e9s en mouvement, d\u2019installations LED et de dispositifs portatifs manipul\u00e9s en coulisses tels de v\u00e9ritables marionnettes. Cette lumi\u00e8re respire, danse et se transforme, interagissant avec Callen comme un \u00eatre vivant. Le d\u00e9cor de la grotte, aux allures ut\u00e9rines et sign\u00e9 Carol-Anne Sicard, oscille entre textures douces, mena\u00e7antes et surr\u00e9alistes. Un sol en plexiglas r\u00e9fl\u00e9chissant amplifie l\u2019atmosph\u00e8re \u00e9th\u00e9r\u00e9e, pliant le temps et l\u2019espace par des effets lumineux saisissants.<\/span><\/p>\n\t<\/div>\r\n<\/div>\r\n\r\n\r\n\r\n\n<div class=\"vc-zigzag-wrapper vc-zigzag-align-center\"><div class=\"vc-zigzag-inner\" style=\"width: 100%;min-height: 14px;background: 0 repeat-x url(&#039;data:image\/svg+xml;utf-8,%3C%3Fxml%20version%3D%221.0%22%20encoding%3D%22utf-8%22%3F%3E%3C%21DOCTYPE%20svg%20PUBLIC%20%22-%2F%2FW3C%2F%2FDTD%20SVG%201.1%2F%2FEN%22%20%22http%3A%2F%2Fwww.w3.org%2FGraphics%2FSVG%2F1.1%2FDTD%2Fsvg11.dtd%22%3E%3Csvg%20width%3D%2214px%22%20height%3D%2212px%22%20viewBox%3D%220%200%2018%2015%22%20version%3D%221.1%22%20xmlns%3D%22http%3A%2F%2Fwww.w3.org%2F2000%2Fsvg%22%20xmlns%3Axlink%3D%22http%3A%2F%2Fwww.w3.org%2F1999%2Fxlink%22%3E%3Cpolygon%20id%3D%22Combined-Shape%22%20fill%3D%22%23ebebeb%22%20points%3D%228.98762301%200%200%209.12771969%200%2014.519983%209%205.40479869%2018%2014.519983%2018%209.12771969%22%3E%3C%2Fpolygon%3E%3C%2Fsvg%3E&#039;);\"><\/div><\/div>\n\t\t\t<\/div> \n\t\t<\/div>\n\t<\/div> \n<\/div><\/div>","protected":false},"excerpt":{"rendered":"THE IMPOSSIBLE LIGHT ABOUT THE STORY During the COVID lockdown, a father tells his 4-year-old son a bedtime story: a man trapped in a cave discovers a living light. The...","protected":false},"author":1,"featured_media":0,"parent":6160,"menu_order":0,"comment_status":"closed","ping_status":"closed","template":"","meta":{"_coblocks_attr":"","_coblocks_dimensions":"","_coblocks_responsive_height":"","_coblocks_accordion_ie_support":"","footnotes":""},"class_list":["post-7018","page","type-page","status-publish"],"_links":{"self":[{"href":"https:\/\/surrealsorealtheatre.com\/fr\/wp-json\/wp\/v2\/pages\/7018","targetHints":{"allow":["GET"]}}],"collection":[{"href":"https:\/\/surrealsorealtheatre.com\/fr\/wp-json\/wp\/v2\/pages"}],"about":[{"href":"https:\/\/surrealsorealtheatre.com\/fr\/wp-json\/wp\/v2\/types\/page"}],"author":[{"embeddable":true,"href":"https:\/\/surrealsorealtheatre.com\/fr\/wp-json\/wp\/v2\/users\/1"}],"replies":[{"embeddable":true,"href":"https:\/\/surrealsorealtheatre.com\/fr\/wp-json\/wp\/v2\/comments?post=7018"}],"version-history":[{"count":3,"href":"https:\/\/surrealsorealtheatre.com\/fr\/wp-json\/wp\/v2\/pages\/7018\/revisions"}],"predecessor-version":[{"id":7021,"href":"https:\/\/surrealsorealtheatre.com\/fr\/wp-json\/wp\/v2\/pages\/7018\/revisions\/7021"}],"up":[{"embeddable":true,"href":"https:\/\/surrealsorealtheatre.com\/fr\/wp-json\/wp\/v2\/pages\/6160"}],"wp:attachment":[{"href":"https:\/\/surrealsorealtheatre.com\/fr\/wp-json\/wp\/v2\/media?parent=7018"}],"curies":[{"name":"wp","href":"https:\/\/api.w.org\/{rel}","templated":true}]}}