{"id":7088,"date":"2025-05-01T17:44:09","date_gmt":"2025-05-01T17:44:09","guid":{"rendered":"https:\/\/surrealsorealtheatre.com\/?page_id=7088"},"modified":"2025-12-01T18:45:06","modified_gmt":"2025-12-01T18:45:06","slug":"king-lear","status":"publish","type":"page","link":"https:\/\/surrealsorealtheatre.com\/fr\/our-shows\/king-lear\/","title":{"rendered":"King Lear"},"content":{"rendered":"<div id=\"fws_69e7642c75ba1\"  data-column-margin=\"default\" data-midnight=\"dark\" data-top-percent=\"5%\"  class=\"wpb_row vc_row-fluid vc_row\"  style=\"padding-top: calc(100vw * 0.05); padding-bottom: 0px; \"><div class=\"row-bg-wrap\" data-bg-animation=\"none\" data-bg-overlay=\"false\"><div class=\"inner-wrap\"><div class=\"row-bg\"  style=\"\"><\/div><\/div><\/div><div class=\"row_col_wrap_12 col span_12 dark left\">\n\t<div  class=\"vc_col-sm-12 wpb_column column_container vc_column_container col centered-text padding-7-percent right_margin_150px left_margin_150px el_spacing_50px right_margin_phone_0px left_margin_phone_0px inherit_tablet inherit_phone\"  data-shadow=\"medium_depth\" data-padding-pos=\"all\" data-has-bg-color=\"false\" data-bg-color=\"\" data-bg-opacity=\"1\" data-animation=\"\" data-delay=\"0\" >\n\t\t<div class=\"vc_column-inner\" ><div class=\"column-bg-overlay-wrap\" data-bg-animation=\"none\"><div class=\"column-bg-overlay\"><\/div><\/div>\n\t\t\t<div class=\"wpb_wrapper\">\n\t\t\t\t<div class=\"nectar-split-heading\" data-align=\"center\" data-m-align=\"inherit\" data-animation-type=\"line-reveal-by-space\" data-animation-delay=\"0\" data-m-rm-animation=\"\" data-stagger=\"\" data-custom-font-size=\"false\" ><h3 >LE ROI LEAR<\/h3><\/div>\r\n<div class=\"wpb_text_column wpb_content_element\" >\r\n\t<div class=\"wpb_wrapper\">\r\n\t\t<p>Vieillissant mais non moins conqu\u00e9rant, le roi Lear se r\u00e9sout \u00e0 renoncer \u00e0 sa couronne, pour mieux profiter de la fin de ses jours et mourir en paix. Mais au moment de diviser son territoire entre ses trois filles, la benjamine Cord\u00e9lia refuse de lui t\u00e9moigner l\u2019amour qu\u2019il exige. Alors le nom de Lear se d\u00e9sagr\u00e8ge et tout l\u2019univers royal se fissure jusqu\u2019\u00e0 s\u2019\u00e9crouler. Que peut vraiment b\u00e2tir la prochaine g\u00e9n\u00e9ration si elle a grandi dans la violence et la guerre ?<\/p>\n\t<\/div>\r\n<\/div>\r\n\r\n\r\n\r\n\n<div class=\"vc-zigzag-wrapper vc-zigzag-align-center\"><div class=\"vc-zigzag-inner\" style=\"width: 100%;min-height: 14px;background: 0 repeat-x url(&#039;data:image\/svg+xml;utf-8,%3C%3Fxml%20version%3D%221.0%22%20encoding%3D%22utf-8%22%3F%3E%3C%21DOCTYPE%20svg%20PUBLIC%20%22-%2F%2FW3C%2F%2FDTD%20SVG%201.1%2F%2FEN%22%20%22http%3A%2F%2Fwww.w3.org%2FGraphics%2FSVG%2F1.1%2FDTD%2Fsvg11.dtd%22%3E%3Csvg%20width%3D%2214px%22%20height%3D%2212px%22%20viewBox%3D%220%200%2018%2015%22%20version%3D%221.1%22%20xmlns%3D%22http%3A%2F%2Fwww.w3.org%2F2000%2Fsvg%22%20xmlns%3Axlink%3D%22http%3A%2F%2Fwww.w3.org%2F1999%2Fxlink%22%3E%3Cpolygon%20id%3D%22Combined-Shape%22%20fill%3D%22%23ebebeb%22%20points%3D%228.98762301%200%200%209.12771969%200%2014.519983%209%205.40479869%2018%2014.519983%2018%209.12771969%22%3E%3C%2Fpolygon%3E%3C%2Fsvg%3E&#039;);\"><\/div><\/div><div id=\"fws_69e7642c75f8a\" data-midnight=\"\" data-column-margin=\"default\" class=\"wpb_row vc_row-fluid vc_row inner_row\"  style=\"\"><div class=\"row-bg-wrap\"> <div class=\"row-bg\" ><\/div> <\/div><div class=\"row_col_wrap_12_inner col span_12  left\">\n\t<div  class=\"vc_col-sm-6 wpb_column column_container vc_column_container col child_column no-extra-padding inherit_tablet inherit_phone\"   data-padding-pos=\"all\" data-has-bg-color=\"false\" data-bg-color=\"\" data-bg-opacity=\"1\" data-animation=\"\" data-delay=\"0\">\n\t\t<div class=\"vc_column-inner\" >\n\t\t<div class=\"wpb_wrapper\">\n\t\t\t\r\n<div class=\"wpb_text_column wpb_content_element\" >\r\n\t<div class=\"wpb_wrapper\">\r\n\t\t<p style=\"text-align: left;\"><strong>D\u2019apr\u00e8s l\u2019\u0153uvre de <\/strong>William Shakespeare<br \/>\n<strong>Traduction et adaptation <\/strong>Jean-Marc Dalp\u00e9<br \/>\n<strong>Mise en sc\u00e8ne <\/strong>Jon Lachlan Stewart<br \/>\n<strong>Production <\/strong>Surreal SoReal Theatre<\/p>\n<p style=\"text-align: left;\"><strong>Avec <\/strong>Marc B\u00e9land, J\u00e9r\u00e9mie Francoeur, Simon Landry-D\u00e9sy, Lior Maharjan, Alice Pascual, Clara Pr\u00e9vost et Dominique Quesnel<\/p>\n<div class=\"show-single__teamColumn fz-xs fz-md-sm fw-300 tt-uppercase wysiwyg --js-reveal\" style=\"text-align: left;\" data-module=\"reveals\" data-reveals=\"paragraph\">\n<p style=\"text-align: left;\"><strong>Assistance \u00e0 la mise en sc\u00e8ne et r\u00e9gie <\/strong>F\u00e9lix-Antoine Gauthier<br \/>\n<strong>Sc\u00e9nographie <\/strong>John Doucet<br \/>\n<strong>Lumi\u00e8res <\/strong>Paul Chambers<br \/>\n<strong>Direction de production <\/strong>Jacinthe Nepveu<\/p>\n<\/div>\n\t<\/div>\r\n<\/div>\r\n\r\n\r\n\r\n\n\t\t<\/div> \n\t<\/div>\n\t<\/div> \n\n\t<div  class=\"vc_col-sm-6 wpb_column column_container vc_column_container col child_column no-extra-padding inherit_tablet inherit_phone\"   data-padding-pos=\"all\" data-has-bg-color=\"false\" data-bg-color=\"\" data-bg-opacity=\"1\" data-animation=\"\" data-delay=\"0\">\n\t\t<div class=\"vc_column-inner\" >\n\t\t<div class=\"wpb_wrapper\">\n\t\t\t\r\n<div class=\"wpb_text_column wpb_content_element\" >\r\n\t<div class=\"wpb_wrapper\">\r\n\t\t<p style=\"text-align: left;\"><strong>Du 30 septembre au 18 octobre 2025<br \/>\n<\/strong><strong>au <a href=\"https:\/\/www.denise-pelletier.qc.ca\/pieces\/le-roi-lear\/\" target=\"_blank\" rel=\"noopener\">Th\u00e9\u00e2tre Denise-Pelletier<\/a> | Salle Fred-Barry<br \/>\nMontr\u00e9al<\/strong><\/p>\n\t<\/div>\r\n<\/div>\r\n\r\n\r\n\r\n\n\t\t<\/div> \n\t<\/div>\n\t<\/div> \n<\/div><\/div>\n\t<div class=\"wpb_gallery wpb_content_element clearfix\">\n\t\t<div class=\"wpb_wrapper\"><div class=\"wpb_gallery_slidesimage_grid\" data-onclick=\"link_image\" data-interval=\"5\">\r\n\r\n\t<div class=\"portfolio-wrap\">\r\n\r\n\t\t\t<span class=\"portfolio-loading\"><\/span>\r\n\r\n\t\t\t<div class=\"row portfolio-items no-masonry\" data-starting-filter=\"\" data-gutter=\"default\" data-masonry-type=\"default\" data-bypass-cropping=\"\"  data-ps=\"7\" data-loading=\"default\" data-categories-to-show=\"\" data-col-num=\"cols-2\">\r\n\r\n\r\n\r\n\t\r\n\t\t\t\t\t\t\t<div class=\"col span_6  element\" data-project-cat=\"\" data-default-color=\"true\" data-title-color=\"\" data-subtitle-color=\"\">\r\n\r\n\t\t\t\t\t\t\t<div class=\"inner-wrap animated\" data-animation=\"none\">\r\n\r\n\t\t\t\t\t\t\t\r\n\t\t\t\t\t\t\t<div class=\"work-item style-2\">\r\n\r\n\t\t\t\t\t\t\t\t<img fetchpriority=\"high\" decoding=\"async\" class=\"skip-lazy\" src=\"https:\/\/surrealsorealtheatre.com\/wp-content\/uploads\/2025\/11\/Lear3-600x400.jpg\" width=\"600\" height=\"400\" alt=\"Lear3\" title=\"Lear3\" \/>\r\n\t\t\t\t\t\t\t\t<div class=\"work-info-bg\"><\/div>\r\n\t\t\t\t\t\t\t\t<div class=\"work-info\">\r\n\r\n\r\n\t\t\t\t\t\t\t\t\t\t\t\t\t\t\t\t\t   \t\t\t <a href=\"https:\/\/surrealsorealtheatre.com\/wp-content\/uploads\/2025\/11\/Lear3.jpg\" class=\"pretty_photo\"><\/a>\r\n\t\t\t\t\t\t\t\t   \t\t\r\n\t\t\t\t\t\t\t\t\t\t<div class=\"vert-center\">\r\n\t\t\t\t\t\t\t\t\t\t\t\t\t\t\t\t\t\t\t\t\t<\/div><!--\/vert-center-->\r\n\r\n\t\t\t\t\t\t\t\t\t\r\n\r\n\t\t\t\t\t\t\t\t<\/div>\r\n\t\t\t\t\t\t\t<\/div><!--work-item-->\r\n\r\n\t\t\t\t\t\t\r\n\r\n\t\t\t\t\t\t<\/div><\/div> \r\n\t\t\t\t\t\t\r\n\t\t\t\t\t\t\t<div class=\"col span_6  element\" data-project-cat=\"\" data-default-color=\"true\" data-title-color=\"\" data-subtitle-color=\"\">\r\n\r\n\t\t\t\t\t\t\t<div class=\"inner-wrap animated\" data-animation=\"none\">\r\n\r\n\t\t\t\t\t\t\t\r\n\t\t\t\t\t\t\t<div class=\"work-item style-2\">\r\n\r\n\t\t\t\t\t\t\t\t<img decoding=\"async\" class=\"skip-lazy\" src=\"https:\/\/surrealsorealtheatre.com\/wp-content\/uploads\/2025\/11\/Lear1-600x400.jpg\" width=\"600\" height=\"400\" alt=\"Lear1\" title=\"Lear1\" \/>\r\n\t\t\t\t\t\t\t\t<div class=\"work-info-bg\"><\/div>\r\n\t\t\t\t\t\t\t\t<div class=\"work-info\">\r\n\r\n\r\n\t\t\t\t\t\t\t\t\t\t\t\t\t\t\t\t\t   \t\t\t <a href=\"https:\/\/surrealsorealtheatre.com\/wp-content\/uploads\/2025\/11\/Lear1.jpg\" class=\"pretty_photo\"><\/a>\r\n\t\t\t\t\t\t\t\t   \t\t\r\n\t\t\t\t\t\t\t\t\t\t<div class=\"vert-center\">\r\n\t\t\t\t\t\t\t\t\t\t\t\t\t\t\t\t\t\t\t\t\t<\/div><!--\/vert-center-->\r\n\r\n\t\t\t\t\t\t\t\t\t\r\n\r\n\t\t\t\t\t\t\t\t<\/div>\r\n\t\t\t\t\t\t\t<\/div><!--work-item-->\r\n\r\n\t\t\t\t\t\t\r\n\r\n\t\t\t\t\t\t<\/div><\/div> \r\n\t\t\t\t\t\t\r\n\t\t\t\t\t\t\t<div class=\"col span_6  element\" data-project-cat=\"\" data-default-color=\"true\" data-title-color=\"\" data-subtitle-color=\"\">\r\n\r\n\t\t\t\t\t\t\t<div class=\"inner-wrap animated\" data-animation=\"none\">\r\n\r\n\t\t\t\t\t\t\t\r\n\t\t\t\t\t\t\t<div class=\"work-item style-2\">\r\n\r\n\t\t\t\t\t\t\t\t<img decoding=\"async\" class=\"skip-lazy\" src=\"https:\/\/surrealsorealtheatre.com\/wp-content\/uploads\/2025\/11\/Lear4-600x400.jpg\" width=\"600\" height=\"400\" alt=\"Lear4\" title=\"Lear4\" \/>\r\n\t\t\t\t\t\t\t\t<div class=\"work-info-bg\"><\/div>\r\n\t\t\t\t\t\t\t\t<div class=\"work-info\">\r\n\r\n\r\n\t\t\t\t\t\t\t\t\t\t\t\t\t\t\t\t\t   \t\t\t <a href=\"https:\/\/surrealsorealtheatre.com\/wp-content\/uploads\/2025\/11\/Lear4.jpg\" class=\"pretty_photo\"><\/a>\r\n\t\t\t\t\t\t\t\t   \t\t\r\n\t\t\t\t\t\t\t\t\t\t<div class=\"vert-center\">\r\n\t\t\t\t\t\t\t\t\t\t\t\t\t\t\t\t\t\t\t\t\t<\/div><!--\/vert-center-->\r\n\r\n\t\t\t\t\t\t\t\t\t\r\n\r\n\t\t\t\t\t\t\t\t<\/div>\r\n\t\t\t\t\t\t\t<\/div><!--work-item-->\r\n\r\n\t\t\t\t\t\t\r\n\r\n\t\t\t\t\t\t<\/div><\/div> \r\n\t\t\t\t\t\t\r\n\t\t\t\t\t\t\t<div class=\"col span_6  element\" data-project-cat=\"\" data-default-color=\"true\" data-title-color=\"\" data-subtitle-color=\"\">\r\n\r\n\t\t\t\t\t\t\t<div class=\"inner-wrap animated\" data-animation=\"none\">\r\n\r\n\t\t\t\t\t\t\t\r\n\t\t\t\t\t\t\t<div class=\"work-item style-2\">\r\n\r\n\t\t\t\t\t\t\t\t<img loading=\"lazy\" decoding=\"async\" class=\"skip-lazy\" src=\"https:\/\/surrealsorealtheatre.com\/wp-content\/uploads\/2025\/11\/Lear5-600x400.jpg\" width=\"600\" height=\"400\" alt=\"Lear5\" title=\"Lear5\" \/>\r\n\t\t\t\t\t\t\t\t<div class=\"work-info-bg\"><\/div>\r\n\t\t\t\t\t\t\t\t<div class=\"work-info\">\r\n\r\n\r\n\t\t\t\t\t\t\t\t\t\t\t\t\t\t\t\t\t   \t\t\t <a href=\"https:\/\/surrealsorealtheatre.com\/wp-content\/uploads\/2025\/11\/Lear5.jpg\" class=\"pretty_photo\"><\/a>\r\n\t\t\t\t\t\t\t\t   \t\t\r\n\t\t\t\t\t\t\t\t\t\t<div class=\"vert-center\">\r\n\t\t\t\t\t\t\t\t\t\t\t\t\t\t\t\t\t\t\t\t\t<\/div><!--\/vert-center-->\r\n\r\n\t\t\t\t\t\t\t\t\t\r\n\r\n\t\t\t\t\t\t\t\t<\/div>\r\n\t\t\t\t\t\t\t<\/div><!--work-item-->\r\n\r\n\t\t\t\t\t\t\r\n\r\n\t\t\t\t\t\t<\/div><\/div> \r\n\t\t\t\t\t\t<\/div><\/div><\/div>\n\t\t<\/div> \n\t<\/div> \n\t\t\t<\/div> \n\t\t<\/div>\n\t<\/div> \n<\/div><\/div>\r\n\t\t<div id=\"fws_69e7642c77276\"  data-column-margin=\"default\" data-midnight=\"dark\"  class=\"wpb_row vc_row-fluid vc_row\"  style=\"padding-top: 0px; padding-bottom: 0px; \"><div class=\"row-bg-wrap\" data-bg-animation=\"none\" data-bg-overlay=\"false\"><div class=\"inner-wrap\"><div class=\"row-bg\"  style=\"\"><\/div><\/div><\/div><div class=\"row_col_wrap_12 col span_12 dark left\">\n\t<div  class=\"vc_col-sm-12 wpb_column column_container vc_column_container col no-extra-padding inherit_tablet inherit_phone\"  data-padding-pos=\"all\" data-has-bg-color=\"false\" data-bg-color=\"\" data-bg-opacity=\"1\" data-animation=\"\" data-delay=\"0\" >\n\t\t<div class=\"vc_column-inner\" >\n\t\t\t<div class=\"wpb_wrapper\">\n\t\t\t\t\n\t\t\t<\/div> \n\t\t<\/div>\n\t<\/div> \n<\/div><\/div>","protected":false},"excerpt":{"rendered":"KING LEAR Aging but no less conquering, King Lear resolves to relinquish his crown, the better to enjoy the end of his days and die in peace. But when the...","protected":false},"author":1,"featured_media":0,"parent":6160,"menu_order":0,"comment_status":"closed","ping_status":"closed","template":"","meta":{"_coblocks_attr":"","_coblocks_dimensions":"","_coblocks_responsive_height":"","_coblocks_accordion_ie_support":"","footnotes":""},"class_list":["post-7088","page","type-page","status-publish"],"_links":{"self":[{"href":"https:\/\/surrealsorealtheatre.com\/fr\/wp-json\/wp\/v2\/pages\/7088","targetHints":{"allow":["GET"]}}],"collection":[{"href":"https:\/\/surrealsorealtheatre.com\/fr\/wp-json\/wp\/v2\/pages"}],"about":[{"href":"https:\/\/surrealsorealtheatre.com\/fr\/wp-json\/wp\/v2\/types\/page"}],"author":[{"embeddable":true,"href":"https:\/\/surrealsorealtheatre.com\/fr\/wp-json\/wp\/v2\/users\/1"}],"replies":[{"embeddable":true,"href":"https:\/\/surrealsorealtheatre.com\/fr\/wp-json\/wp\/v2\/comments?post=7088"}],"version-history":[{"count":7,"href":"https:\/\/surrealsorealtheatre.com\/fr\/wp-json\/wp\/v2\/pages\/7088\/revisions"}],"predecessor-version":[{"id":7225,"href":"https:\/\/surrealsorealtheatre.com\/fr\/wp-json\/wp\/v2\/pages\/7088\/revisions\/7225"}],"up":[{"embeddable":true,"href":"https:\/\/surrealsorealtheatre.com\/fr\/wp-json\/wp\/v2\/pages\/6160"}],"wp:attachment":[{"href":"https:\/\/surrealsorealtheatre.com\/fr\/wp-json\/wp\/v2\/media?parent=7088"}],"curies":[{"name":"wp","href":"https:\/\/api.w.org\/{rel}","templated":true}]}}