{"id":7099,"date":"2025-05-01T18:11:54","date_gmt":"2025-05-01T18:11:54","guid":{"rendered":"https:\/\/surrealsorealtheatre.com\/?page_id=7099"},"modified":"2025-05-06T14:21:33","modified_gmt":"2025-05-06T14:21:33","slug":"testament-des-celebrites","status":"publish","type":"page","link":"https:\/\/surrealsorealtheatre.com\/fr\/our-shows\/testament-des-celebrites\/","title":{"rendered":"TESTAMENT DES C\u00c9L\u00c9BRIT\u00c9S"},"content":{"rendered":"<div id=\"fws_69e7630d5a476\"  data-column-margin=\"default\" data-midnight=\"dark\" data-top-percent=\"5%\"  class=\"wpb_row vc_row-fluid vc_row\"  style=\"padding-top: calc(100vw * 0.05); padding-bottom: 0px; \"><div class=\"row-bg-wrap\" data-bg-animation=\"none\" data-bg-overlay=\"false\"><div class=\"inner-wrap\"><div class=\"row-bg\"  style=\"\"><\/div><\/div><\/div><div class=\"row_col_wrap_12 col span_12 dark left\">\n\t<div  class=\"vc_col-sm-12 wpb_column column_container vc_column_container col centered-text padding-7-percent right_margin_150px left_margin_150px el_spacing_50px right_margin_phone_0px left_margin_phone_0px inherit_tablet inherit_phone\"  data-shadow=\"medium_depth\" data-padding-pos=\"all\" data-has-bg-color=\"false\" data-bg-color=\"\" data-bg-opacity=\"1\" data-animation=\"\" data-delay=\"0\" >\n\t\t<div class=\"vc_column-inner\" ><div class=\"column-bg-overlay-wrap\" data-bg-animation=\"none\"><div class=\"column-bg-overlay\"><\/div><\/div>\n\t\t\t<div class=\"wpb_wrapper\">\n\t\t\t\t<div class=\"nectar-split-heading\" data-align=\"center\" data-m-align=\"inherit\" data-animation-type=\"line-reveal-by-space\" data-animation-delay=\"0\" data-m-rm-animation=\"\" data-stagger=\"\" data-custom-font-size=\"false\" ><h3 >LE TESTAMENT DES C\u00c9L\u00c9BRIT\u00c9S<\/h3><\/div>\r\n<div class=\"wpb_text_column wpb_content_element\" >\r\n\t<div class=\"wpb_wrapper\">\r\n\t\t<p class=\"\" data-start=\"57\" data-end=\"459\">Lorsque l\u2019autrice controvers\u00e9e de la <em data-start=\"90\" data-end=\"104\">franchise Grimblegitch,<\/em> Sylvia Gray, est assassin\u00e9e aux Oscars, les trois anciens enfants vedettes de la s\u00e9rie \u2013 Sharkey Lafaille, Lizzy Ho et Bruno Lafontaine \u2013 h\u00e9ritent de son dernier sc\u00e9nario chaotique. Charg\u00e9s de compl\u00e9ter le dernier film de la saga, ils doivent composer avec des clich\u00e9s d\u00e9pass\u00e9s, parfois offensants, et leurs propres traumatismes d\u2019anciennes stars d\u2019Hollywood.<\/p>\n<p class=\"\" data-start=\"462\" data-end=\"832\">Grimblegitch, une saga mystique sur une for\u00eat magique, refl\u00e8te leurs luttes personnelles : Bruno combat un complexe d\u2019inf\u00e9riorit\u00e9, Sharkey sombre dans l\u2019addiction, et Peggy se r\u00e9fugie dans un perfectionnisme compulsif. Malgr\u00e9 leurs efforts pour moderniser la vision cynique de Sylvia, les tensions culminent avec la mort tragique de Sharkey par overdose. D\u00e9vast\u00e9, Bruno dispara\u00eet.<\/p>\n<p class=\"\" data-start=\"835\" data-end=\"1079\">Bien que Bruno parvienne \u00e0 se lib\u00e9rer de l\u2019emprise de <em data-start=\"891\" data-end=\"905\">franchise Grimblegitch,<\/em> la franchise Grimblegitch, Peggy reste fascin\u00e9e par l\u2019univers immortel du jeu vid\u00e9o qu\u2019elle a cr\u00e9\u00e9 \u00e0 la m\u00e9moire de ses deux amis... et pour vous, le public, \u00e0 vivre... pour toujours.<\/p>\n\t<\/div>\r\n<\/div>\r\n\r\n\r\n\r\n\n<div class=\"vc-zigzag-wrapper vc-zigzag-align-center\"><div class=\"vc-zigzag-inner\" style=\"width: 100%;min-height: 14px;background: 0 repeat-x url(&#039;data:image\/svg+xml;utf-8,%3C%3Fxml%20version%3D%221.0%22%20encoding%3D%22utf-8%22%3F%3E%3C%21DOCTYPE%20svg%20PUBLIC%20%22-%2F%2FW3C%2F%2FDTD%20SVG%201.1%2F%2FEN%22%20%22http%3A%2F%2Fwww.w3.org%2FGraphics%2FSVG%2F1.1%2FDTD%2Fsvg11.dtd%22%3E%3Csvg%20width%3D%2214px%22%20height%3D%2212px%22%20viewBox%3D%220%200%2018%2015%22%20version%3D%221.1%22%20xmlns%3D%22http%3A%2F%2Fwww.w3.org%2F2000%2Fsvg%22%20xmlns%3Axlink%3D%22http%3A%2F%2Fwww.w3.org%2F1999%2Fxlink%22%3E%3Cpolygon%20id%3D%22Combined-Shape%22%20fill%3D%22%23ebebeb%22%20points%3D%228.98762301%200%200%209.12771969%200%2014.519983%209%205.40479869%2018%2014.519983%2018%209.12771969%22%3E%3C%2Fpolygon%3E%3C%2Fsvg%3E&#039;);\"><\/div><\/div><div id=\"fws_69e7630d5aadd\" data-midnight=\"\" data-column-margin=\"default\" class=\"wpb_row vc_row-fluid vc_row inner_row\"  style=\"\"><div class=\"row-bg-wrap\"> <div class=\"row-bg\" ><\/div> <\/div><div class=\"row_col_wrap_12_inner col span_12  left\">\n\t<div  class=\"vc_col-sm-6 wpb_column column_container vc_column_container col child_column no-extra-padding inherit_tablet inherit_phone\"   data-padding-pos=\"all\" data-has-bg-color=\"false\" data-bg-color=\"\" data-bg-opacity=\"1\" data-animation=\"\" data-delay=\"0\">\n\t\t<div class=\"vc_column-inner\" >\n\t\t<div class=\"wpb_wrapper\">\n\t\t\t\r\n<div class=\"wpb_text_column wpb_content_element\" >\r\n\t<div class=\"wpb_wrapper\">\r\n\t\t<p class=\"\" style=\"text-align: left;\" data-start=\"61\" data-end=\"113\"><strong data-start=\"61\" data-end=\"91\">Texte et composition musicale<\/strong><br data-start=\"91\" data-end=\"94\" \/>Jon Lachlan Stewart<\/p>\n<p class=\"\" style=\"text-align: left;\" data-start=\"115\" data-end=\"160\"><strong data-start=\"115\" data-end=\"144\">Mise en sc\u00e8ne et traduction<\/strong><br data-start=\"144\" data-end=\"147\" \/>Olivier Morin<\/p>\n<p class=\"\" style=\"text-align: left;\" data-start=\"162\" data-end=\"224\"><strong data-start=\"162\" data-end=\"170\">Distribution<\/strong><br data-start=\"170\" data-end=\"173\" \/>Rebecca Vachon<br data-start=\"187\" data-end=\"190\" \/>Gabriel Favreau<br data-start=\"205\" data-end=\"208\" \/>Chlo\u00e9 Germentier<\/p>\n<p class=\"\" style=\"text-align: left;\" data-start=\"226\" data-end=\"351\"><strong data-start=\"226\" data-end=\"236\">Design<\/strong><br data-start=\"236\" data-end=\"239\" \/><strong data-start=\"239\" data-end=\"253\">Sc\u00e9nographie<\/strong> \u2013 C\u00e9dric Lord<br data-start=\"267\" data-end=\"270\" \/><strong data-start=\"270\" data-end=\"282\">Lumi\u00e8res<\/strong> \u2013 Joelle Leblanc<br data-start=\"299\" data-end=\"302\" \/><strong data-start=\"302\" data-end=\"329\">Composition musique \/ son<\/strong> \u2013 Jon Lachlan Stewart<\/p>\n\t<\/div>\r\n<\/div>\r\n\r\n\r\n\r\n\n\t\t<\/div> \n\t<\/div>\n\t<\/div> \n\n\t<div  class=\"vc_col-sm-6 wpb_column column_container vc_column_container col child_column no-extra-padding inherit_tablet inherit_phone\"   data-padding-pos=\"all\" data-has-bg-color=\"false\" data-bg-color=\"\" data-bg-opacity=\"1\" data-animation=\"\" data-delay=\"0\">\n\t\t<div class=\"vc_column-inner\" >\n\t\t<div class=\"wpb_wrapper\">\n\t\t\t\r\n<div class=\"wpb_text_column wpb_content_element\" >\r\n\t<div class=\"wpb_wrapper\">\r\n\t\t<p style=\"text-align: left;\">Jon Lachlan Stewart, recipient of the Michel Rossignol Award for the writing of the project.<\/p>\n<p>&nbsp;<\/p>\n<p style=\"text-align: left;\"><strong>Du 21 avril au 9 mai 2026<br \/>\n<\/strong><strong>au <a href=\"https:\/\/theatredaujourdhui.qc.ca\/spectacles\/le-testament-des-celebrites\" target=\"_blank\" rel=\"noopener\">Centre du Th\u00e9\u00e2tre d\u2019Aujourd\u2019hui<\/a> | <\/strong>Salle Jean-Claude-Germain<br \/>\n<strong>Montr\u00e9al<\/strong><\/p>\n\t<\/div>\r\n<\/div>\r\n\r\n\r\n\r\n\n\t\t<\/div> \n\t<\/div>\n\t<\/div> \n<\/div><\/div>\n\t\t\t<\/div> \n\t\t<\/div>\n\t<\/div> \n<\/div><\/div>","protected":false},"excerpt":{"rendered":"LE TESTAMENT DES C\u00c9L\u00c9BRIT\u00c9S When controversial author of the Grimblegitch franchise, Sylvia Gray, is murdered at the Oscars, the three former child stars of the series \u2013 Sharkey Lafaille, Lizzy...","protected":false},"author":1,"featured_media":7119,"parent":6160,"menu_order":0,"comment_status":"closed","ping_status":"closed","template":"","meta":{"_coblocks_attr":"","_coblocks_dimensions":"","_coblocks_responsive_height":"","_coblocks_accordion_ie_support":"","footnotes":""},"class_list":["post-7099","page","type-page","status-publish","has-post-thumbnail"],"_links":{"self":[{"href":"https:\/\/surrealsorealtheatre.com\/fr\/wp-json\/wp\/v2\/pages\/7099","targetHints":{"allow":["GET"]}}],"collection":[{"href":"https:\/\/surrealsorealtheatre.com\/fr\/wp-json\/wp\/v2\/pages"}],"about":[{"href":"https:\/\/surrealsorealtheatre.com\/fr\/wp-json\/wp\/v2\/types\/page"}],"author":[{"embeddable":true,"href":"https:\/\/surrealsorealtheatre.com\/fr\/wp-json\/wp\/v2\/users\/1"}],"replies":[{"embeddable":true,"href":"https:\/\/surrealsorealtheatre.com\/fr\/wp-json\/wp\/v2\/comments?post=7099"}],"version-history":[{"count":7,"href":"https:\/\/surrealsorealtheatre.com\/fr\/wp-json\/wp\/v2\/pages\/7099\/revisions"}],"predecessor-version":[{"id":7134,"href":"https:\/\/surrealsorealtheatre.com\/fr\/wp-json\/wp\/v2\/pages\/7099\/revisions\/7134"}],"up":[{"embeddable":true,"href":"https:\/\/surrealsorealtheatre.com\/fr\/wp-json\/wp\/v2\/pages\/6160"}],"wp:featuredmedia":[{"embeddable":true,"href":"https:\/\/surrealsorealtheatre.com\/fr\/wp-json\/wp\/v2\/media\/7119"}],"wp:attachment":[{"href":"https:\/\/surrealsorealtheatre.com\/fr\/wp-json\/wp\/v2\/media?parent=7099"}],"curies":[{"name":"wp","href":"https:\/\/api.w.org\/{rel}","templated":true}]}}